{"id":592,"date":"2021-10-18T16:22:07","date_gmt":"2021-10-18T14:22:07","guid":{"rendered":"https:\/\/lesdoudous.net\/?page_id=592"},"modified":"2021-10-18T16:22:08","modified_gmt":"2021-10-18T14:22:08","slug":"le-blog","status":"publish","type":"page","link":"https:\/\/lesdoudous.net\/index.php\/le-blog\/","title":{"rendered":"Le Blog"},"content":{"rendered":"\n<div class=\"wp-block-query has-black-color has-text-color is-layout-flow wp-block-query-is-layout-flow\"><ul class=\"is-flex-container columns-2 wp-block-post-template is-layout-flow wp-block-post-template-is-layout-flow\"><li class=\"wp-block-post post-595 post type-post status-publish format-standard has-post-thumbnail category-blog entry\">\n<h2 class=\"wp-block-post-title\"><a href=\"https:\/\/lesdoudous.net\/index.php\/2021\/10\/18\/locaux-a-louer\/\" target=\"_self\" >Locaux \u00e0 louer !<\/a><\/h2>\n\n<figure class=\"alignwide wp-block-post-featured-image\"><a href=\"https:\/\/lesdoudous.net\/index.php\/2021\/10\/18\/locaux-a-louer\/\" target=\"_self\"  ><img loading=\"lazy\" decoding=\"async\" width=\"1080\" height=\"1083\" src=\"https:\/\/lesdoudous.net\/wp-content\/uploads\/2021\/10\/FB_IMG_1633710026880-e1634571039386.jpg\" class=\"attachment-post-thumbnail size-post-thumbnail wp-post-image\" alt=\"Locaux \u00e0 louer !\" style=\"object-fit:cover;\" srcset=\"https:\/\/lesdoudous.net\/wp-content\/uploads\/2021\/10\/FB_IMG_1633710026880-e1634571039386.jpg 1080w, https:\/\/lesdoudous.net\/wp-content\/uploads\/2021\/10\/FB_IMG_1633710026880-e1634571039386-300x300.jpg 300w, https:\/\/lesdoudous.net\/wp-content\/uploads\/2021\/10\/FB_IMG_1633710026880-e1634571039386-1021x1024.jpg 1021w, https:\/\/lesdoudous.net\/wp-content\/uploads\/2021\/10\/FB_IMG_1633710026880-e1634571039386-150x150.jpg 150w, https:\/\/lesdoudous.net\/wp-content\/uploads\/2021\/10\/FB_IMG_1633710026880-e1634571039386-768x770.jpg 768w, https:\/\/lesdoudous.net\/wp-content\/uploads\/2021\/10\/FB_IMG_1633710026880-e1634571039386-140x140.jpg 140w\" sizes=\"(max-width: 1080px) 100vw, 1080px\" \/><\/a><\/figure>\n\n<div class=\"wp-block-post-excerpt\"><p class=\"wp-block-post-excerpt__excerpt\">En centre-ville de Langon, venez profiter de nos agr\u00e9ables espaces de travail. Au calme, ils sont situ\u00e9s \u00e0 proximit\u00e9 imm\u00e9diate du centre-ville, de l\u2019autoroute et de la gare. Situ\u00e9s au 1er&nbsp;\u00e9tage de la microcr\u00e8che Les Doudous, ils sont parfaitement \u00e9quip\u00e9s et insonoris\u00e9s. En louant un bureau au sein de notre structure, vous b\u00e9n\u00e9ficiez de l\u2019acc\u00e8s&hellip;\u2026 <\/p><\/div>\n\n\n<hr class=\"wp-block-separator\"\/>\n\n\n<div class=\"wp-block-post-date\"><time datetime=\"2021-10-18T17:27:28+02:00\">18 octobre 2021<\/time><\/div>\n<\/li><\/ul><\/div>\n","protected":false},"excerpt":{"rendered":"","protected":false},"author":5,"featured_media":0,"parent":0,"menu_order":0,"comment_status":"closed","ping_status":"closed","template":"","meta":{"footnotes":""},"yoast_head":"<!-- This site is optimized with the Yoast SEO plugin v21.7 - https:\/\/yoast.com\/wordpress\/plugins\/seo\/ -->\n<title>Le Blog - Micro-cr\u00e8ches Les DOUDOUS<\/title>\n<meta name=\"robots\" content=\"index, follow, max-snippet:-1, max-image-preview:large, max-video-preview:-1\" \/>\n<link rel=\"canonical\" href=\"https:\/\/lesdoudous.net\/index.php\/le-blog\/\" \/>\n<meta property=\"og:locale\" content=\"fr_FR\" \/>\n<meta property=\"og:type\" content=\"article\" \/>\n<meta property=\"og:title\" content=\"Le Blog - Micro-cr\u00e8ches Les DOUDOUS\" \/>\n<meta property=\"og:url\" content=\"https:\/\/lesdoudous.net\/index.php\/le-blog\/\" \/>\n<meta property=\"og:site_name\" content=\"Micro-cr\u00e8ches Les DOUDOUS\" \/>\n<meta property=\"article:modified_time\" content=\"2021-10-18T14:22:08+00:00\" \/>\n<meta name=\"twitter:card\" content=\"summary_large_image\" \/>\n<script type=\"application\/ld+json\" class=\"yoast-schema-graph\">{\"@context\":\"https:\/\/schema.org\",\"@graph\":[{\"@type\":\"WebPage\",\"@id\":\"https:\/\/lesdoudous.net\/index.php\/le-blog\/\",\"url\":\"https:\/\/lesdoudous.net\/index.php\/le-blog\/\",\"name\":\"Le Blog - Micro-cr\u00e8ches Les DOUDOUS\",\"isPartOf\":{\"@id\":\"https:\/\/lesdoudous.net\/#website\"},\"datePublished\":\"2021-10-18T14:22:07+00:00\",\"dateModified\":\"2021-10-18T14:22:08+00:00\",\"breadcrumb\":{\"@id\":\"https:\/\/lesdoudous.net\/index.php\/le-blog\/#breadcrumb\"},\"inLanguage\":\"fr-FR\",\"potentialAction\":[{\"@type\":\"ReadAction\",\"target\":[\"https:\/\/lesdoudous.net\/index.php\/le-blog\/\"]}]},{\"@type\":\"BreadcrumbList\",\"@id\":\"https:\/\/lesdoudous.net\/index.php\/le-blog\/#breadcrumb\",\"itemListElement\":[{\"@type\":\"ListItem\",\"position\":1,\"name\":\"Accueil\",\"item\":\"https:\/\/lesdoudous.net\/\"},{\"@type\":\"ListItem\",\"position\":2,\"name\":\"Le Blog\"}]},{\"@type\":\"WebSite\",\"@id\":\"https:\/\/lesdoudous.net\/#website\",\"url\":\"https:\/\/lesdoudous.net\/\",\"name\":\"Micro-cr\u00e8ches Les DOUDOUS\",\"description\":\"Roaillan | Le Pian sur Garonne | Langon\",\"publisher\":{\"@id\":\"https:\/\/lesdoudous.net\/#organization\"},\"potentialAction\":[{\"@type\":\"SearchAction\",\"target\":{\"@type\":\"EntryPoint\",\"urlTemplate\":\"https:\/\/lesdoudous.net\/?s={search_term_string}\"},\"query-input\":\"required name=search_term_string\"}],\"inLanguage\":\"fr-FR\"},{\"@type\":\"Organization\",\"@id\":\"https:\/\/lesdoudous.net\/#organization\",\"name\":\"MICRO-CR\u00c8CHES LES DOUDOUS\",\"url\":\"https:\/\/lesdoudous.net\/\",\"logo\":{\"@type\":\"ImageObject\",\"inLanguage\":\"fr-FR\",\"@id\":\"https:\/\/lesdoudous.net\/#\/schema\/logo\/image\/\",\"url\":\"https:\/\/lesdoudous.net\/wp-content\/uploads\/2017\/12\/Les-doudous-g\u00e9n\u00e9ral.jpg\",\"contentUrl\":\"https:\/\/lesdoudous.net\/wp-content\/uploads\/2017\/12\/Les-doudous-g\u00e9n\u00e9ral.jpg\",\"width\":341,\"height\":256,\"caption\":\"MICRO-CR\u00c8CHES LES DOUDOUS\"},\"image\":{\"@id\":\"https:\/\/lesdoudous.net\/#\/schema\/logo\/image\/\"}}]}<\/script>\n<!-- \/ Yoast SEO plugin. -->","yoast_head_json":{"title":"Le Blog - Micro-cr\u00e8ches Les DOUDOUS","robots":{"index":"index","follow":"follow","max-snippet":"max-snippet:-1","max-image-preview":"max-image-preview:large","max-video-preview":"max-video-preview:-1"},"canonical":"https:\/\/lesdoudous.net\/index.php\/le-blog\/","og_locale":"fr_FR","og_type":"article","og_title":"Le Blog - Micro-cr\u00e8ches Les DOUDOUS","og_url":"https:\/\/lesdoudous.net\/index.php\/le-blog\/","og_site_name":"Micro-cr\u00e8ches Les DOUDOUS","article_modified_time":"2021-10-18T14:22:08+00:00","twitter_card":"summary_large_image","schema":{"@context":"https:\/\/schema.org","@graph":[{"@type":"WebPage","@id":"https:\/\/lesdoudous.net\/index.php\/le-blog\/","url":"https:\/\/lesdoudous.net\/index.php\/le-blog\/","name":"Le Blog - Micro-cr\u00e8ches Les DOUDOUS","isPartOf":{"@id":"https:\/\/lesdoudous.net\/#website"},"datePublished":"2021-10-18T14:22:07+00:00","dateModified":"2021-10-18T14:22:08+00:00","breadcrumb":{"@id":"https:\/\/lesdoudous.net\/index.php\/le-blog\/#breadcrumb"},"inLanguage":"fr-FR","potentialAction":[{"@type":"ReadAction","target":["https:\/\/lesdoudous.net\/index.php\/le-blog\/"]}]},{"@type":"BreadcrumbList","@id":"https:\/\/lesdoudous.net\/index.php\/le-blog\/#breadcrumb","itemListElement":[{"@type":"ListItem","position":1,"name":"Accueil","item":"https:\/\/lesdoudous.net\/"},{"@type":"ListItem","position":2,"name":"Le Blog"}]},{"@type":"WebSite","@id":"https:\/\/lesdoudous.net\/#website","url":"https:\/\/lesdoudous.net\/","name":"Micro-cr\u00e8ches Les DOUDOUS","description":"Roaillan | Le Pian sur Garonne | Langon","publisher":{"@id":"https:\/\/lesdoudous.net\/#organization"},"potentialAction":[{"@type":"SearchAction","target":{"@type":"EntryPoint","urlTemplate":"https:\/\/lesdoudous.net\/?s={search_term_string}"},"query-input":"required name=search_term_string"}],"inLanguage":"fr-FR"},{"@type":"Organization","@id":"https:\/\/lesdoudous.net\/#organization","name":"MICRO-CR\u00c8CHES LES DOUDOUS","url":"https:\/\/lesdoudous.net\/","logo":{"@type":"ImageObject","inLanguage":"fr-FR","@id":"https:\/\/lesdoudous.net\/#\/schema\/logo\/image\/","url":"https:\/\/lesdoudous.net\/wp-content\/uploads\/2017\/12\/Les-doudous-g\u00e9n\u00e9ral.jpg","contentUrl":"https:\/\/lesdoudous.net\/wp-content\/uploads\/2017\/12\/Les-doudous-g\u00e9n\u00e9ral.jpg","width":341,"height":256,"caption":"MICRO-CR\u00c8CHES LES DOUDOUS"},"image":{"@id":"https:\/\/lesdoudous.net\/#\/schema\/logo\/image\/"}}]}},"_links":{"self":[{"href":"https:\/\/lesdoudous.net\/index.php\/wp-json\/wp\/v2\/pages\/592"}],"collection":[{"href":"https:\/\/lesdoudous.net\/index.php\/wp-json\/wp\/v2\/pages"}],"about":[{"href":"https:\/\/lesdoudous.net\/index.php\/wp-json\/wp\/v2\/types\/page"}],"author":[{"embeddable":true,"href":"https:\/\/lesdoudous.net\/index.php\/wp-json\/wp\/v2\/users\/5"}],"replies":[{"embeddable":true,"href":"https:\/\/lesdoudous.net\/index.php\/wp-json\/wp\/v2\/comments?post=592"}],"version-history":[{"count":1,"href":"https:\/\/lesdoudous.net\/index.php\/wp-json\/wp\/v2\/pages\/592\/revisions"}],"predecessor-version":[{"id":593,"href":"https:\/\/lesdoudous.net\/index.php\/wp-json\/wp\/v2\/pages\/592\/revisions\/593"}],"wp:attachment":[{"href":"https:\/\/lesdoudous.net\/index.php\/wp-json\/wp\/v2\/media?parent=592"}],"curies":[{"name":"wp","href":"https:\/\/api.w.org\/{rel}","templated":true}]}}