{"id":54,"date":"2017-09-28T18:20:16","date_gmt":"2017-09-28T16:20:16","guid":{"rendered":"http:\/\/lesdoudous.net\/?page_id=54"},"modified":"2023-05-15T18:17:41","modified_gmt":"2023-05-15T16:17:41","slug":"repas-maison","status":"publish","type":"page","link":"https:\/\/lesdoudous.net\/index.php\/repas-maison\/","title":{"rendered":"Au menu"},"content":{"rendered":"<p>Tous nos repas et go\u00fbtes sont pr\u00e9par\u00e9s et livr\u00e9s par un traiteur sp\u00e9cialis\u00e9 de la petite enfance\u00a0: <a href=\"https:\/\/www.ansamble.fr\/\" target=\"_blank\" rel=\"noopener\">ANSAMBLE<\/a>. L\u2019objectif de ces moments importants, est de partager du plaisir autour d\u2019une cuisine \u00ab\u00a0comme \u00e0 la maison\u00a0\u00bb qui fait la part belle aux produits frais et de proximit\u00e9\u00a0.<\/p>\n<p style=\"text-align: center;\"><strong>Exemple de Menu\u00a0<\/strong><\/p>\n<p>\u00a0<\/p>\n\n\n<figure class=\"wp-block-image size-large is-resized\"><img loading=\"lazy\" decoding=\"async\" src=\"https:\/\/lesdoudous.net\/wp-content\/uploads\/2023\/05\/MENU-MAI_Page_1-2-1024x724.png\" alt=\"\" class=\"wp-image-661\" width=\"840\" height=\"593\" srcset=\"https:\/\/lesdoudous.net\/wp-content\/uploads\/2023\/05\/MENU-MAI_Page_1-2-1024x724.png 1024w, https:\/\/lesdoudous.net\/wp-content\/uploads\/2023\/05\/MENU-MAI_Page_1-2-300x212.png 300w, https:\/\/lesdoudous.net\/wp-content\/uploads\/2023\/05\/MENU-MAI_Page_1-2-768x543.png 768w, https:\/\/lesdoudous.net\/wp-content\/uploads\/2023\/05\/MENU-MAI_Page_1-2-1536x1086.png 1536w, https:\/\/lesdoudous.net\/wp-content\/uploads\/2023\/05\/MENU-MAI_Page_1-2-2048x1448.png 2048w, https:\/\/lesdoudous.net\/wp-content\/uploads\/2023\/05\/MENU-MAI_Page_1-2-1260x891.png 1260w\" sizes=\"(max-width: 840px) 100vw, 840px\" \/><\/figure>\n\n\n\n<figure class=\"wp-block-image size-large is-resized\"><img loading=\"lazy\" decoding=\"async\" src=\"https:\/\/lesdoudous.net\/wp-content\/uploads\/2023\/05\/MENU-MAI_Page_3-2-1024x724.png\" alt=\"\" class=\"wp-image-662\" width=\"840\" height=\"593\" srcset=\"https:\/\/lesdoudous.net\/wp-content\/uploads\/2023\/05\/MENU-MAI_Page_3-2-1024x724.png 1024w, https:\/\/lesdoudous.net\/wp-content\/uploads\/2023\/05\/MENU-MAI_Page_3-2-300x212.png 300w, https:\/\/lesdoudous.net\/wp-content\/uploads\/2023\/05\/MENU-MAI_Page_3-2-768x543.png 768w, https:\/\/lesdoudous.net\/wp-content\/uploads\/2023\/05\/MENU-MAI_Page_3-2-1536x1086.png 1536w, https:\/\/lesdoudous.net\/wp-content\/uploads\/2023\/05\/MENU-MAI_Page_3-2-2048x1448.png 2048w, https:\/\/lesdoudous.net\/wp-content\/uploads\/2023\/05\/MENU-MAI_Page_3-2-1260x891.png 1260w\" sizes=\"(max-width: 840px) 100vw, 840px\" \/><\/figure>\n\n\n\n<figure class=\"wp-block-image size-full\"><img loading=\"lazy\" decoding=\"async\" width=\"3507\" height=\"2480\" src=\"https:\/\/lesdoudous.net\/wp-content\/uploads\/2023\/05\/MENU-MAI_Page_4-2.png\" alt=\"\" class=\"wp-image-663\"\/><\/figure>\n\n\n\n<figure class=\"wp-block-image size-large\"><img loading=\"lazy\" decoding=\"async\" width=\"1024\" height=\"724\" src=\"https:\/\/lesdoudous.net\/wp-content\/uploads\/2023\/05\/MENU-MAI_Page_5-2-1024x724.png\" alt=\"\" class=\"wp-image-665\" srcset=\"https:\/\/lesdoudous.net\/wp-content\/uploads\/2023\/05\/MENU-MAI_Page_5-2-1024x724.png 1024w, https:\/\/lesdoudous.net\/wp-content\/uploads\/2023\/05\/MENU-MAI_Page_5-2-300x212.png 300w, https:\/\/lesdoudous.net\/wp-content\/uploads\/2023\/05\/MENU-MAI_Page_5-2-768x543.png 768w, https:\/\/lesdoudous.net\/wp-content\/uploads\/2023\/05\/MENU-MAI_Page_5-2-1536x1086.png 1536w, https:\/\/lesdoudous.net\/wp-content\/uploads\/2023\/05\/MENU-MAI_Page_5-2-2048x1448.png 2048w, https:\/\/lesdoudous.net\/wp-content\/uploads\/2023\/05\/MENU-MAI_Page_5-2-1260x891.png 1260w\" sizes=\"(max-width: 1024px) 100vw, 1024px\" \/><\/figure>\n","protected":false},"excerpt":{"rendered":"<p>Tous nos repas et go\u00fbtes sont pr\u00e9par\u00e9s et livr\u00e9s par un traiteur sp\u00e9cialis\u00e9 de la petite enfance\u00a0: ANSAMBLE. L\u2019objectif de ces moments importants, est de partager du plaisir autour d\u2019une cuisine \u00ab\u00a0comme \u00e0 la maison\u00a0\u00bb qui fait la part belle aux produits frais et de proximit\u00e9\u00a0. Exemple de Menu\u00a0 \u00a0<\/p>\n","protected":false},"author":1,"featured_media":0,"parent":0,"menu_order":0,"comment_status":"closed","ping_status":"closed","template":"","meta":{"footnotes":""},"yoast_head":"<!-- This site is optimized with the Yoast SEO plugin v21.7 - https:\/\/yoast.com\/wordpress\/plugins\/seo\/ -->\n<title>Au menu - Micro-cr\u00e8ches Les DOUDOUS<\/title>\n<meta name=\"robots\" content=\"index, follow, max-snippet:-1, max-image-preview:large, max-video-preview:-1\" \/>\n<link rel=\"canonical\" href=\"https:\/\/lesdoudous.net\/index.php\/repas-maison\/\" \/>\n<meta property=\"og:locale\" content=\"fr_FR\" \/>\n<meta property=\"og:type\" content=\"article\" \/>\n<meta property=\"og:title\" content=\"Au menu - Micro-cr\u00e8ches Les DOUDOUS\" \/>\n<meta property=\"og:description\" content=\"Tous nos repas et go\u00fbtes sont pr\u00e9par\u00e9s et livr\u00e9s par un traiteur sp\u00e9cialis\u00e9 de la petite enfance\u00a0: ANSAMBLE. L\u2019objectif de ces moments importants, est de partager du plaisir autour d\u2019une cuisine \u00ab\u00a0comme \u00e0 la maison\u00a0\u00bb qui fait la part belle aux produits frais et de proximit\u00e9\u00a0. Exemple de Menu\u00a0 \u00a0\" \/>\n<meta property=\"og:url\" content=\"https:\/\/lesdoudous.net\/index.php\/repas-maison\/\" \/>\n<meta property=\"og:site_name\" content=\"Micro-cr\u00e8ches Les DOUDOUS\" \/>\n<meta property=\"article:modified_time\" content=\"2023-05-15T16:17:41+00:00\" \/>\n<meta property=\"og:image\" content=\"https:\/\/lesdoudous.net\/wp-content\/uploads\/2023\/05\/MENU-MAI_Page_1-2-1024x724.png\" \/>\n<meta name=\"twitter:card\" content=\"summary_large_image\" \/>\n<meta name=\"twitter:label1\" content=\"Dur\u00e9e de lecture estim\u00e9e\" \/>\n\t<meta name=\"twitter:data1\" content=\"2 minutes\" \/>\n<script type=\"application\/ld+json\" class=\"yoast-schema-graph\">{\"@context\":\"https:\/\/schema.org\",\"@graph\":[{\"@type\":\"WebPage\",\"@id\":\"https:\/\/lesdoudous.net\/index.php\/repas-maison\/\",\"url\":\"https:\/\/lesdoudous.net\/index.php\/repas-maison\/\",\"name\":\"Au menu - Micro-cr\u00e8ches Les DOUDOUS\",\"isPartOf\":{\"@id\":\"https:\/\/lesdoudous.net\/#website\"},\"datePublished\":\"2017-09-28T16:20:16+00:00\",\"dateModified\":\"2023-05-15T16:17:41+00:00\",\"breadcrumb\":{\"@id\":\"https:\/\/lesdoudous.net\/index.php\/repas-maison\/#breadcrumb\"},\"inLanguage\":\"fr-FR\",\"potentialAction\":[{\"@type\":\"ReadAction\",\"target\":[\"https:\/\/lesdoudous.net\/index.php\/repas-maison\/\"]}]},{\"@type\":\"BreadcrumbList\",\"@id\":\"https:\/\/lesdoudous.net\/index.php\/repas-maison\/#breadcrumb\",\"itemListElement\":[{\"@type\":\"ListItem\",\"position\":1,\"name\":\"Accueil\",\"item\":\"https:\/\/lesdoudous.net\/\"},{\"@type\":\"ListItem\",\"position\":2,\"name\":\"Au menu\"}]},{\"@type\":\"WebSite\",\"@id\":\"https:\/\/lesdoudous.net\/#website\",\"url\":\"https:\/\/lesdoudous.net\/\",\"name\":\"Micro-cr\u00e8ches Les DOUDOUS\",\"description\":\"Roaillan | Le Pian sur Garonne | Langon\",\"publisher\":{\"@id\":\"https:\/\/lesdoudous.net\/#organization\"},\"potentialAction\":[{\"@type\":\"SearchAction\",\"target\":{\"@type\":\"EntryPoint\",\"urlTemplate\":\"https:\/\/lesdoudous.net\/?s={search_term_string}\"},\"query-input\":\"required name=search_term_string\"}],\"inLanguage\":\"fr-FR\"},{\"@type\":\"Organization\",\"@id\":\"https:\/\/lesdoudous.net\/#organization\",\"name\":\"MICRO-CR\u00c8CHES LES DOUDOUS\",\"url\":\"https:\/\/lesdoudous.net\/\",\"logo\":{\"@type\":\"ImageObject\",\"inLanguage\":\"fr-FR\",\"@id\":\"https:\/\/lesdoudous.net\/#\/schema\/logo\/image\/\",\"url\":\"https:\/\/lesdoudous.net\/wp-content\/uploads\/2017\/12\/Les-doudous-g\u00e9n\u00e9ral.jpg\",\"contentUrl\":\"https:\/\/lesdoudous.net\/wp-content\/uploads\/2017\/12\/Les-doudous-g\u00e9n\u00e9ral.jpg\",\"width\":341,\"height\":256,\"caption\":\"MICRO-CR\u00c8CHES LES DOUDOUS\"},\"image\":{\"@id\":\"https:\/\/lesdoudous.net\/#\/schema\/logo\/image\/\"}}]}<\/script>\n<!-- \/ Yoast SEO plugin. -->","yoast_head_json":{"title":"Au menu - Micro-cr\u00e8ches Les DOUDOUS","robots":{"index":"index","follow":"follow","max-snippet":"max-snippet:-1","max-image-preview":"max-image-preview:large","max-video-preview":"max-video-preview:-1"},"canonical":"https:\/\/lesdoudous.net\/index.php\/repas-maison\/","og_locale":"fr_FR","og_type":"article","og_title":"Au menu - Micro-cr\u00e8ches Les DOUDOUS","og_description":"Tous nos repas et go\u00fbtes sont pr\u00e9par\u00e9s et livr\u00e9s par un traiteur sp\u00e9cialis\u00e9 de la petite enfance\u00a0: ANSAMBLE. L\u2019objectif de ces moments importants, est de partager du plaisir autour d\u2019une cuisine \u00ab\u00a0comme \u00e0 la maison\u00a0\u00bb qui fait la part belle aux produits frais et de proximit\u00e9\u00a0. Exemple de Menu\u00a0 \u00a0","og_url":"https:\/\/lesdoudous.net\/index.php\/repas-maison\/","og_site_name":"Micro-cr\u00e8ches Les DOUDOUS","article_modified_time":"2023-05-15T16:17:41+00:00","og_image":[{"url":"https:\/\/lesdoudous.net\/wp-content\/uploads\/2023\/05\/MENU-MAI_Page_1-2-1024x724.png"}],"twitter_card":"summary_large_image","twitter_misc":{"Dur\u00e9e de lecture estim\u00e9e":"2 minutes"},"schema":{"@context":"https:\/\/schema.org","@graph":[{"@type":"WebPage","@id":"https:\/\/lesdoudous.net\/index.php\/repas-maison\/","url":"https:\/\/lesdoudous.net\/index.php\/repas-maison\/","name":"Au menu - Micro-cr\u00e8ches Les DOUDOUS","isPartOf":{"@id":"https:\/\/lesdoudous.net\/#website"},"datePublished":"2017-09-28T16:20:16+00:00","dateModified":"2023-05-15T16:17:41+00:00","breadcrumb":{"@id":"https:\/\/lesdoudous.net\/index.php\/repas-maison\/#breadcrumb"},"inLanguage":"fr-FR","potentialAction":[{"@type":"ReadAction","target":["https:\/\/lesdoudous.net\/index.php\/repas-maison\/"]}]},{"@type":"BreadcrumbList","@id":"https:\/\/lesdoudous.net\/index.php\/repas-maison\/#breadcrumb","itemListElement":[{"@type":"ListItem","position":1,"name":"Accueil","item":"https:\/\/lesdoudous.net\/"},{"@type":"ListItem","position":2,"name":"Au menu"}]},{"@type":"WebSite","@id":"https:\/\/lesdoudous.net\/#website","url":"https:\/\/lesdoudous.net\/","name":"Micro-cr\u00e8ches Les DOUDOUS","description":"Roaillan | Le Pian sur Garonne | Langon","publisher":{"@id":"https:\/\/lesdoudous.net\/#organization"},"potentialAction":[{"@type":"SearchAction","target":{"@type":"EntryPoint","urlTemplate":"https:\/\/lesdoudous.net\/?s={search_term_string}"},"query-input":"required name=search_term_string"}],"inLanguage":"fr-FR"},{"@type":"Organization","@id":"https:\/\/lesdoudous.net\/#organization","name":"MICRO-CR\u00c8CHES LES DOUDOUS","url":"https:\/\/lesdoudous.net\/","logo":{"@type":"ImageObject","inLanguage":"fr-FR","@id":"https:\/\/lesdoudous.net\/#\/schema\/logo\/image\/","url":"https:\/\/lesdoudous.net\/wp-content\/uploads\/2017\/12\/Les-doudous-g\u00e9n\u00e9ral.jpg","contentUrl":"https:\/\/lesdoudous.net\/wp-content\/uploads\/2017\/12\/Les-doudous-g\u00e9n\u00e9ral.jpg","width":341,"height":256,"caption":"MICRO-CR\u00c8CHES LES DOUDOUS"},"image":{"@id":"https:\/\/lesdoudous.net\/#\/schema\/logo\/image\/"}}]}},"_links":{"self":[{"href":"https:\/\/lesdoudous.net\/index.php\/wp-json\/wp\/v2\/pages\/54"}],"collection":[{"href":"https:\/\/lesdoudous.net\/index.php\/wp-json\/wp\/v2\/pages"}],"about":[{"href":"https:\/\/lesdoudous.net\/index.php\/wp-json\/wp\/v2\/types\/page"}],"author":[{"embeddable":true,"href":"https:\/\/lesdoudous.net\/index.php\/wp-json\/wp\/v2\/users\/1"}],"replies":[{"embeddable":true,"href":"https:\/\/lesdoudous.net\/index.php\/wp-json\/wp\/v2\/comments?post=54"}],"version-history":[{"count":15,"href":"https:\/\/lesdoudous.net\/index.php\/wp-json\/wp\/v2\/pages\/54\/revisions"}],"predecessor-version":[{"id":666,"href":"https:\/\/lesdoudous.net\/index.php\/wp-json\/wp\/v2\/pages\/54\/revisions\/666"}],"wp:attachment":[{"href":"https:\/\/lesdoudous.net\/index.php\/wp-json\/wp\/v2\/media?parent=54"}],"curies":[{"name":"wp","href":"https:\/\/api.w.org\/{rel}","templated":true}]}}