{"id":41,"date":"2017-09-28T18:17:28","date_gmt":"2017-09-28T16:17:28","guid":{"rendered":"http:\/\/lesdoudous.net\/?page_id=41"},"modified":"2023-05-15T18:11:42","modified_gmt":"2023-05-15T16:11:42","slug":"activites-extra-creche","status":"publish","type":"page","link":"https:\/\/lesdoudous.net\/index.php\/activites-extra-creche\/","title":{"rendered":"Activit\u00e9s"},"content":{"rendered":"<div class=\"wp-block-image\">\n<figure class=\"aligncenter\"><img loading=\"lazy\" decoding=\"async\" width=\"150\" height=\"150\" src=\"http:\/\/lesdoudous.net\/wp-content\/uploads\/2020\/11\/animaux7.png\" alt=\"\" class=\"wp-image-484\" srcset=\"https:\/\/lesdoudous.net\/wp-content\/uploads\/2020\/11\/animaux7.png 150w, https:\/\/lesdoudous.net\/wp-content\/uploads\/2020\/11\/animaux7-140x140.png 140w\" sizes=\"(max-width: 150px) 100vw, 150px\" \/><\/figure><\/div>\n\n<h4>Exemple de planning des intervenants ext\u00e9rieurs et sorties :<\/h4>\n\n<div class=\"wp-block-image\">\n<figure class=\"aligncenter size-large\"><img loading=\"lazy\" decoding=\"async\" width=\"724\" height=\"1024\" src=\"https:\/\/lesdoudous.net\/wp-content\/uploads\/2023\/05\/Planning-activites-724x1024.jpg\" alt=\"\" class=\"wp-image-645\" srcset=\"https:\/\/lesdoudous.net\/wp-content\/uploads\/2023\/05\/Planning-activites-724x1024.jpg 724w, https:\/\/lesdoudous.net\/wp-content\/uploads\/2023\/05\/Planning-activites-212x300.jpg 212w, https:\/\/lesdoudous.net\/wp-content\/uploads\/2023\/05\/Planning-activites-768x1087.jpg 768w, https:\/\/lesdoudous.net\/wp-content\/uploads\/2023\/05\/Planning-activites-1085x1536.jpg 1085w, https:\/\/lesdoudous.net\/wp-content\/uploads\/2023\/05\/Planning-activites-1447x2048.jpg 1447w, https:\/\/lesdoudous.net\/wp-content\/uploads\/2023\/05\/Planning-activites-1260x1783.jpg 1260w, https:\/\/lesdoudous.net\/wp-content\/uploads\/2023\/05\/Planning-activites-scaled.jpg 1809w\" sizes=\"(max-width: 724px) 100vw, 724px\" \/><\/figure><\/div>\n\n\n<h4 class=\"wp-block-heading\">Activit\u00e9s extra-cr\u00e8ches :<\/h4>\n\n\n\n<p>R\u00e9guli\u00e8rement, nous proposons diverses activit\u00e9s pour partager une matin\u00e9e avec vos enfants. <\/p>\n\n\n\n<p>Au plaisir de vous y croiser !<\/p>\n\n\n\n<h4 class=\"wp-block-heading\">Des temps d&rsquo;\u00e9veil au quotidien<\/h4>\n\n\n\n<p><strong>\u00ab&nbsp;Jeu apr\u00e8s Jeu l\u2019enfant devient Je. Le Jeu construit le JE&nbsp;\u00bb <\/strong>Arnaud GAZAGNES<\/p>\n\n\n\n<p style=\"text-align: justify;\"><p>Le jeu est essentiel au bon d\u00e9veloppement de l\u2019enfant et dans la construction de son individualit\u00e9 et de sa personnalit\u00e9. Qu\u2019il soit libre ou dirig\u00e9, le jeu est fait d\u2019explorations, de d\u00e9couvertes, de plaisirs et de rencontres. Les professionnelles proposent (mais n\u2019imposent pas) une diversit\u00e9 d\u2019activit\u00e9s adapt\u00e9es \u00e0 chaque stade de leur d\u00e9veloppement (ex: motricit\u00e9, activit\u00e9s cr\u00e9atrices, eveil musical, lecture, comptines, jeu de construction, jardinage, transvasement, manipulation,\u2026).<\/p><\/p>\n","protected":false},"excerpt":{"rendered":"<p>Exemple de planning des intervenants ext\u00e9rieurs et sorties : Activit\u00e9s extra-cr\u00e8ches : R\u00e9guli\u00e8rement, nous proposons diverses activit\u00e9s pour partager une matin\u00e9e avec vos enfants. Au plaisir de vous y croiser ! Des temps d&rsquo;\u00e9veil au quotidien \u00ab&nbsp;Jeu apr\u00e8s Jeu l\u2019enfant devient Je. Le Jeu construit le JE&nbsp;\u00bb Arnaud GAZAGNES Le jeu est essentiel au bon&hellip; <\/p>\n<p class=\"toivo-read-more\"><a href=\"https:\/\/lesdoudous.net\/index.php\/activites-extra-creche\/\" class=\"more-link\">Lire la suite <span class=\"screen-reader-text\">Activit\u00e9s<\/span><\/a><\/p>\n","protected":false},"author":1,"featured_media":0,"parent":0,"menu_order":0,"comment_status":"closed","ping_status":"closed","template":"","meta":{"footnotes":""},"yoast_head":"<!-- This site is optimized with the Yoast SEO plugin v21.7 - https:\/\/yoast.com\/wordpress\/plugins\/seo\/ -->\n<title>Activit\u00e9s - Micro-cr\u00e8ches Les DOUDOUS<\/title>\n<meta name=\"robots\" content=\"index, follow, max-snippet:-1, max-image-preview:large, max-video-preview:-1\" \/>\n<link rel=\"canonical\" href=\"https:\/\/lesdoudous.net\/index.php\/activites-extra-creche\/\" \/>\n<meta property=\"og:locale\" content=\"fr_FR\" \/>\n<meta property=\"og:type\" content=\"article\" \/>\n<meta property=\"og:title\" content=\"Activit\u00e9s - Micro-cr\u00e8ches Les DOUDOUS\" \/>\n<meta property=\"og:description\" content=\"Exemple de planning des intervenants ext\u00e9rieurs et sorties : Activit\u00e9s extra-cr\u00e8ches : R\u00e9guli\u00e8rement, nous proposons diverses activit\u00e9s pour partager une matin\u00e9e avec vos enfants. Au plaisir de vous y croiser ! Des temps d&rsquo;\u00e9veil au quotidien \u00ab&nbsp;Jeu apr\u00e8s Jeu l\u2019enfant devient Je. Le Jeu construit le JE&nbsp;\u00bb Arnaud GAZAGNES Le jeu est essentiel au bon&hellip; Lire la suite Activit\u00e9s\" \/>\n<meta property=\"og:url\" content=\"https:\/\/lesdoudous.net\/index.php\/activites-extra-creche\/\" \/>\n<meta property=\"og:site_name\" content=\"Micro-cr\u00e8ches Les DOUDOUS\" \/>\n<meta property=\"article:modified_time\" content=\"2023-05-15T16:11:42+00:00\" \/>\n<meta property=\"og:image\" content=\"http:\/\/lesdoudous.net\/wp-content\/uploads\/2020\/11\/animaux7.png\" \/>\n<meta name=\"twitter:card\" content=\"summary_large_image\" \/>\n<meta name=\"twitter:label1\" content=\"Dur\u00e9e de lecture estim\u00e9e\" \/>\n\t<meta name=\"twitter:data1\" content=\"2 minutes\" \/>\n<script type=\"application\/ld+json\" class=\"yoast-schema-graph\">{\"@context\":\"https:\/\/schema.org\",\"@graph\":[{\"@type\":\"WebPage\",\"@id\":\"https:\/\/lesdoudous.net\/index.php\/activites-extra-creche\/\",\"url\":\"https:\/\/lesdoudous.net\/index.php\/activites-extra-creche\/\",\"name\":\"Activit\u00e9s - Micro-cr\u00e8ches Les DOUDOUS\",\"isPartOf\":{\"@id\":\"https:\/\/lesdoudous.net\/#website\"},\"datePublished\":\"2017-09-28T16:17:28+00:00\",\"dateModified\":\"2023-05-15T16:11:42+00:00\",\"breadcrumb\":{\"@id\":\"https:\/\/lesdoudous.net\/index.php\/activites-extra-creche\/#breadcrumb\"},\"inLanguage\":\"fr-FR\",\"potentialAction\":[{\"@type\":\"ReadAction\",\"target\":[\"https:\/\/lesdoudous.net\/index.php\/activites-extra-creche\/\"]}]},{\"@type\":\"BreadcrumbList\",\"@id\":\"https:\/\/lesdoudous.net\/index.php\/activites-extra-creche\/#breadcrumb\",\"itemListElement\":[{\"@type\":\"ListItem\",\"position\":1,\"name\":\"Accueil\",\"item\":\"https:\/\/lesdoudous.net\/\"},{\"@type\":\"ListItem\",\"position\":2,\"name\":\"Activit\u00e9s\"}]},{\"@type\":\"WebSite\",\"@id\":\"https:\/\/lesdoudous.net\/#website\",\"url\":\"https:\/\/lesdoudous.net\/\",\"name\":\"Micro-cr\u00e8ches Les DOUDOUS\",\"description\":\"Roaillan | Le Pian sur Garonne | Langon\",\"publisher\":{\"@id\":\"https:\/\/lesdoudous.net\/#organization\"},\"potentialAction\":[{\"@type\":\"SearchAction\",\"target\":{\"@type\":\"EntryPoint\",\"urlTemplate\":\"https:\/\/lesdoudous.net\/?s={search_term_string}\"},\"query-input\":\"required name=search_term_string\"}],\"inLanguage\":\"fr-FR\"},{\"@type\":\"Organization\",\"@id\":\"https:\/\/lesdoudous.net\/#organization\",\"name\":\"MICRO-CR\u00c8CHES LES DOUDOUS\",\"url\":\"https:\/\/lesdoudous.net\/\",\"logo\":{\"@type\":\"ImageObject\",\"inLanguage\":\"fr-FR\",\"@id\":\"https:\/\/lesdoudous.net\/#\/schema\/logo\/image\/\",\"url\":\"https:\/\/lesdoudous.net\/wp-content\/uploads\/2017\/12\/Les-doudous-g\u00e9n\u00e9ral.jpg\",\"contentUrl\":\"https:\/\/lesdoudous.net\/wp-content\/uploads\/2017\/12\/Les-doudous-g\u00e9n\u00e9ral.jpg\",\"width\":341,\"height\":256,\"caption\":\"MICRO-CR\u00c8CHES LES DOUDOUS\"},\"image\":{\"@id\":\"https:\/\/lesdoudous.net\/#\/schema\/logo\/image\/\"}}]}<\/script>\n<!-- \/ Yoast SEO plugin. -->","yoast_head_json":{"title":"Activit\u00e9s - Micro-cr\u00e8ches Les DOUDOUS","robots":{"index":"index","follow":"follow","max-snippet":"max-snippet:-1","max-image-preview":"max-image-preview:large","max-video-preview":"max-video-preview:-1"},"canonical":"https:\/\/lesdoudous.net\/index.php\/activites-extra-creche\/","og_locale":"fr_FR","og_type":"article","og_title":"Activit\u00e9s - Micro-cr\u00e8ches Les DOUDOUS","og_description":"Exemple de planning des intervenants ext\u00e9rieurs et sorties : Activit\u00e9s extra-cr\u00e8ches : R\u00e9guli\u00e8rement, nous proposons diverses activit\u00e9s pour partager une matin\u00e9e avec vos enfants. Au plaisir de vous y croiser ! Des temps d&rsquo;\u00e9veil au quotidien \u00ab&nbsp;Jeu apr\u00e8s Jeu l\u2019enfant devient Je. Le Jeu construit le JE&nbsp;\u00bb Arnaud GAZAGNES Le jeu est essentiel au bon&hellip; Lire la suite Activit\u00e9s","og_url":"https:\/\/lesdoudous.net\/index.php\/activites-extra-creche\/","og_site_name":"Micro-cr\u00e8ches Les DOUDOUS","article_modified_time":"2023-05-15T16:11:42+00:00","og_image":[{"url":"http:\/\/lesdoudous.net\/wp-content\/uploads\/2020\/11\/animaux7.png"}],"twitter_card":"summary_large_image","twitter_misc":{"Dur\u00e9e de lecture estim\u00e9e":"2 minutes"},"schema":{"@context":"https:\/\/schema.org","@graph":[{"@type":"WebPage","@id":"https:\/\/lesdoudous.net\/index.php\/activites-extra-creche\/","url":"https:\/\/lesdoudous.net\/index.php\/activites-extra-creche\/","name":"Activit\u00e9s - Micro-cr\u00e8ches Les DOUDOUS","isPartOf":{"@id":"https:\/\/lesdoudous.net\/#website"},"datePublished":"2017-09-28T16:17:28+00:00","dateModified":"2023-05-15T16:11:42+00:00","breadcrumb":{"@id":"https:\/\/lesdoudous.net\/index.php\/activites-extra-creche\/#breadcrumb"},"inLanguage":"fr-FR","potentialAction":[{"@type":"ReadAction","target":["https:\/\/lesdoudous.net\/index.php\/activites-extra-creche\/"]}]},{"@type":"BreadcrumbList","@id":"https:\/\/lesdoudous.net\/index.php\/activites-extra-creche\/#breadcrumb","itemListElement":[{"@type":"ListItem","position":1,"name":"Accueil","item":"https:\/\/lesdoudous.net\/"},{"@type":"ListItem","position":2,"name":"Activit\u00e9s"}]},{"@type":"WebSite","@id":"https:\/\/lesdoudous.net\/#website","url":"https:\/\/lesdoudous.net\/","name":"Micro-cr\u00e8ches Les DOUDOUS","description":"Roaillan | Le Pian sur Garonne | Langon","publisher":{"@id":"https:\/\/lesdoudous.net\/#organization"},"potentialAction":[{"@type":"SearchAction","target":{"@type":"EntryPoint","urlTemplate":"https:\/\/lesdoudous.net\/?s={search_term_string}"},"query-input":"required name=search_term_string"}],"inLanguage":"fr-FR"},{"@type":"Organization","@id":"https:\/\/lesdoudous.net\/#organization","name":"MICRO-CR\u00c8CHES LES DOUDOUS","url":"https:\/\/lesdoudous.net\/","logo":{"@type":"ImageObject","inLanguage":"fr-FR","@id":"https:\/\/lesdoudous.net\/#\/schema\/logo\/image\/","url":"https:\/\/lesdoudous.net\/wp-content\/uploads\/2017\/12\/Les-doudous-g\u00e9n\u00e9ral.jpg","contentUrl":"https:\/\/lesdoudous.net\/wp-content\/uploads\/2017\/12\/Les-doudous-g\u00e9n\u00e9ral.jpg","width":341,"height":256,"caption":"MICRO-CR\u00c8CHES LES DOUDOUS"},"image":{"@id":"https:\/\/lesdoudous.net\/#\/schema\/logo\/image\/"}}]}},"_links":{"self":[{"href":"https:\/\/lesdoudous.net\/index.php\/wp-json\/wp\/v2\/pages\/41"}],"collection":[{"href":"https:\/\/lesdoudous.net\/index.php\/wp-json\/wp\/v2\/pages"}],"about":[{"href":"https:\/\/lesdoudous.net\/index.php\/wp-json\/wp\/v2\/types\/page"}],"author":[{"embeddable":true,"href":"https:\/\/lesdoudous.net\/index.php\/wp-json\/wp\/v2\/users\/1"}],"replies":[{"embeddable":true,"href":"https:\/\/lesdoudous.net\/index.php\/wp-json\/wp\/v2\/comments?post=41"}],"version-history":[{"count":15,"href":"https:\/\/lesdoudous.net\/index.php\/wp-json\/wp\/v2\/pages\/41\/revisions"}],"predecessor-version":[{"id":647,"href":"https:\/\/lesdoudous.net\/index.php\/wp-json\/wp\/v2\/pages\/41\/revisions\/647"}],"wp:attachment":[{"href":"https:\/\/lesdoudous.net\/index.php\/wp-json\/wp\/v2\/media?parent=41"}],"curies":[{"name":"wp","href":"https:\/\/api.w.org\/{rel}","templated":true}]}}