{"id":351,"date":"2020-08-13T14:35:32","date_gmt":"2020-08-13T12:35:32","guid":{"rendered":"http:\/\/lesdoudous.net\/?page_id=351"},"modified":"2024-01-23T12:05:34","modified_gmt":"2024-01-23T11:05:34","slug":"lequipe-3","status":"publish","type":"page","link":"https:\/\/lesdoudous.net\/index.php\/lequipe-3\/","title":{"rendered":"L&rsquo;\u00e9quipe de Pian-sur-Garonne"},"content":{"rendered":"<h4><span style=\"vertical-align: inherit;\"><span style=\"vertical-align: inherit;\"><span style=\"vertical-align: inherit;\"><span style=\"vertical-align: inherit;\">Equipe de direction :<\/span><\/span><\/span><\/span><\/h4>\n<h6 style=\"text-align: left;\">Gestionnaire : Fanette AUGERAUD<br \/>R\u00e9f\u00e9rente technique : Estelle BORDESSOULES<br \/>Assistante administrative : Elodie LAFARGUE<\/h6>\n<h4><span style=\"vertical-align: inherit;\">Equipe d&rsquo;encadrement :<\/span><span style=\"line-height: inherit;\"><br \/><\/span><\/h4>\n<h6>Toutes nos \u00e9quipes d\u2019encadrement sont pluridisciplinaires : \u00e9ducateur(rice) de jeunes enfants, auxiliaire de pu\u00e9riculture et titulaire du CAP petite enfance vous accueillent avec professionnalisme et bonne humeur. Une \u00e9quipe de direction constitu\u00e9e d\u2019une gestionnaire, d\u2019une directrice d\u2019une ajointe administrative et d\u2019une responsable des ressources humaines sont en support.<\/h6>\n\n\n<figure class=\"wp-block-image size-large\"><img loading=\"lazy\" decoding=\"async\" width=\"1024\" height=\"683\" src=\"https:\/\/lesdoudous.net\/wp-content\/uploads\/2024\/01\/cute-boy-playing-with-toy-home-1024x683.jpg\" alt=\"\" class=\"wp-image-713\" srcset=\"https:\/\/lesdoudous.net\/wp-content\/uploads\/2024\/01\/cute-boy-playing-with-toy-home-1024x683.jpg 1024w, https:\/\/lesdoudous.net\/wp-content\/uploads\/2024\/01\/cute-boy-playing-with-toy-home-300x200.jpg 300w, https:\/\/lesdoudous.net\/wp-content\/uploads\/2024\/01\/cute-boy-playing-with-toy-home-768x512.jpg 768w, https:\/\/lesdoudous.net\/wp-content\/uploads\/2024\/01\/cute-boy-playing-with-toy-home-1536x1024.jpg 1536w, https:\/\/lesdoudous.net\/wp-content\/uploads\/2024\/01\/cute-boy-playing-with-toy-home-2048x1365.jpg 2048w, https:\/\/lesdoudous.net\/wp-content\/uploads\/2024\/01\/cute-boy-playing-with-toy-home-1260x840.jpg 1260w\" sizes=\"(max-width: 1024px) 100vw, 1024px\" \/><\/figure>\n","protected":false},"excerpt":{"rendered":"<p>Equipe de direction : Gestionnaire : Fanette AUGERAUDR\u00e9f\u00e9rente technique : Estelle BORDESSOULESAssistante administrative : Elodie LAFARGUE Equipe d&rsquo;encadrement : Toutes nos \u00e9quipes d\u2019encadrement sont pluridisciplinaires : \u00e9ducateur(rice) de jeunes enfants, auxiliaire de pu\u00e9riculture et titulaire du CAP petite enfance vous accueillent avec professionnalisme et bonne humeur. Une \u00e9quipe de direction constitu\u00e9e d\u2019une gestionnaire, d\u2019une directrice&hellip; <\/p>\n<p class=\"toivo-read-more\"><a href=\"https:\/\/lesdoudous.net\/index.php\/lequipe-3\/\" class=\"more-link\">Lire la suite <span class=\"screen-reader-text\">L&rsquo;\u00e9quipe de Pian-sur-Garonne<\/span><\/a><\/p>\n","protected":false},"author":1,"featured_media":0,"parent":0,"menu_order":0,"comment_status":"closed","ping_status":"closed","template":"","meta":{"footnotes":""},"yoast_head":"<!-- This site is optimized with the Yoast SEO plugin v21.7 - https:\/\/yoast.com\/wordpress\/plugins\/seo\/ -->\n<title>L&#039;\u00e9quipe de Pian-sur-Garonne - Micro-cr\u00e8ches Les DOUDOUS<\/title>\n<meta name=\"robots\" content=\"index, follow, max-snippet:-1, max-image-preview:large, max-video-preview:-1\" \/>\n<link rel=\"canonical\" href=\"https:\/\/lesdoudous.net\/index.php\/lequipe-3\/\" \/>\n<meta property=\"og:locale\" content=\"fr_FR\" \/>\n<meta property=\"og:type\" content=\"article\" \/>\n<meta property=\"og:title\" content=\"L&#039;\u00e9quipe de Pian-sur-Garonne - Micro-cr\u00e8ches Les DOUDOUS\" \/>\n<meta property=\"og:description\" content=\"Equipe de direction : Gestionnaire : Fanette AUGERAUDR\u00e9f\u00e9rente technique : Estelle BORDESSOULESAssistante administrative : Elodie LAFARGUE Equipe d&rsquo;encadrement : Toutes nos \u00e9quipes d\u2019encadrement sont pluridisciplinaires : \u00e9ducateur(rice) de jeunes enfants, auxiliaire de pu\u00e9riculture et titulaire du CAP petite enfance vous accueillent avec professionnalisme et bonne humeur. Une \u00e9quipe de direction constitu\u00e9e d\u2019une gestionnaire, d\u2019une directrice&hellip; Lire la suite L&rsquo;\u00e9quipe de Pian-sur-Garonne\" \/>\n<meta property=\"og:url\" content=\"https:\/\/lesdoudous.net\/index.php\/lequipe-3\/\" \/>\n<meta property=\"og:site_name\" content=\"Micro-cr\u00e8ches Les DOUDOUS\" \/>\n<meta property=\"article:modified_time\" content=\"2024-01-23T11:05:34+00:00\" \/>\n<meta property=\"og:image\" content=\"https:\/\/lesdoudous.net\/wp-content\/uploads\/2024\/01\/cute-boy-playing-with-toy-home-1024x683.jpg\" \/>\n<meta name=\"twitter:card\" content=\"summary_large_image\" \/>\n<meta name=\"twitter:label1\" content=\"Dur\u00e9e de lecture estim\u00e9e\" \/>\n\t<meta name=\"twitter:data1\" content=\"1 minute\" \/>\n<script type=\"application\/ld+json\" class=\"yoast-schema-graph\">{\"@context\":\"https:\/\/schema.org\",\"@graph\":[{\"@type\":\"WebPage\",\"@id\":\"https:\/\/lesdoudous.net\/index.php\/lequipe-3\/\",\"url\":\"https:\/\/lesdoudous.net\/index.php\/lequipe-3\/\",\"name\":\"L'\u00e9quipe de Pian-sur-Garonne - Micro-cr\u00e8ches Les DOUDOUS\",\"isPartOf\":{\"@id\":\"https:\/\/lesdoudous.net\/#website\"},\"datePublished\":\"2020-08-13T12:35:32+00:00\",\"dateModified\":\"2024-01-23T11:05:34+00:00\",\"breadcrumb\":{\"@id\":\"https:\/\/lesdoudous.net\/index.php\/lequipe-3\/#breadcrumb\"},\"inLanguage\":\"fr-FR\",\"potentialAction\":[{\"@type\":\"ReadAction\",\"target\":[\"https:\/\/lesdoudous.net\/index.php\/lequipe-3\/\"]}]},{\"@type\":\"BreadcrumbList\",\"@id\":\"https:\/\/lesdoudous.net\/index.php\/lequipe-3\/#breadcrumb\",\"itemListElement\":[{\"@type\":\"ListItem\",\"position\":1,\"name\":\"Accueil\",\"item\":\"https:\/\/lesdoudous.net\/\"},{\"@type\":\"ListItem\",\"position\":2,\"name\":\"L&rsquo;\u00e9quipe de Pian-sur-Garonne\"}]},{\"@type\":\"WebSite\",\"@id\":\"https:\/\/lesdoudous.net\/#website\",\"url\":\"https:\/\/lesdoudous.net\/\",\"name\":\"Micro-cr\u00e8ches Les DOUDOUS\",\"description\":\"Roaillan | Le Pian sur Garonne | Langon\",\"publisher\":{\"@id\":\"https:\/\/lesdoudous.net\/#organization\"},\"potentialAction\":[{\"@type\":\"SearchAction\",\"target\":{\"@type\":\"EntryPoint\",\"urlTemplate\":\"https:\/\/lesdoudous.net\/?s={search_term_string}\"},\"query-input\":\"required name=search_term_string\"}],\"inLanguage\":\"fr-FR\"},{\"@type\":\"Organization\",\"@id\":\"https:\/\/lesdoudous.net\/#organization\",\"name\":\"MICRO-CR\u00c8CHES LES DOUDOUS\",\"url\":\"https:\/\/lesdoudous.net\/\",\"logo\":{\"@type\":\"ImageObject\",\"inLanguage\":\"fr-FR\",\"@id\":\"https:\/\/lesdoudous.net\/#\/schema\/logo\/image\/\",\"url\":\"https:\/\/lesdoudous.net\/wp-content\/uploads\/2017\/12\/Les-doudous-g\u00e9n\u00e9ral.jpg\",\"contentUrl\":\"https:\/\/lesdoudous.net\/wp-content\/uploads\/2017\/12\/Les-doudous-g\u00e9n\u00e9ral.jpg\",\"width\":341,\"height\":256,\"caption\":\"MICRO-CR\u00c8CHES LES DOUDOUS\"},\"image\":{\"@id\":\"https:\/\/lesdoudous.net\/#\/schema\/logo\/image\/\"}}]}<\/script>\n<!-- \/ Yoast SEO plugin. -->","yoast_head_json":{"title":"L'\u00e9quipe de Pian-sur-Garonne - Micro-cr\u00e8ches Les DOUDOUS","robots":{"index":"index","follow":"follow","max-snippet":"max-snippet:-1","max-image-preview":"max-image-preview:large","max-video-preview":"max-video-preview:-1"},"canonical":"https:\/\/lesdoudous.net\/index.php\/lequipe-3\/","og_locale":"fr_FR","og_type":"article","og_title":"L'\u00e9quipe de Pian-sur-Garonne - Micro-cr\u00e8ches Les DOUDOUS","og_description":"Equipe de direction : Gestionnaire : Fanette AUGERAUDR\u00e9f\u00e9rente technique : Estelle BORDESSOULESAssistante administrative : Elodie LAFARGUE Equipe d&rsquo;encadrement : Toutes nos \u00e9quipes d\u2019encadrement sont pluridisciplinaires : \u00e9ducateur(rice) de jeunes enfants, auxiliaire de pu\u00e9riculture et titulaire du CAP petite enfance vous accueillent avec professionnalisme et bonne humeur. Une \u00e9quipe de direction constitu\u00e9e d\u2019une gestionnaire, d\u2019une directrice&hellip; Lire la suite L&rsquo;\u00e9quipe de Pian-sur-Garonne","og_url":"https:\/\/lesdoudous.net\/index.php\/lequipe-3\/","og_site_name":"Micro-cr\u00e8ches Les DOUDOUS","article_modified_time":"2024-01-23T11:05:34+00:00","og_image":[{"url":"https:\/\/lesdoudous.net\/wp-content\/uploads\/2024\/01\/cute-boy-playing-with-toy-home-1024x683.jpg"}],"twitter_card":"summary_large_image","twitter_misc":{"Dur\u00e9e de lecture estim\u00e9e":"1 minute"},"schema":{"@context":"https:\/\/schema.org","@graph":[{"@type":"WebPage","@id":"https:\/\/lesdoudous.net\/index.php\/lequipe-3\/","url":"https:\/\/lesdoudous.net\/index.php\/lequipe-3\/","name":"L'\u00e9quipe de Pian-sur-Garonne - Micro-cr\u00e8ches Les DOUDOUS","isPartOf":{"@id":"https:\/\/lesdoudous.net\/#website"},"datePublished":"2020-08-13T12:35:32+00:00","dateModified":"2024-01-23T11:05:34+00:00","breadcrumb":{"@id":"https:\/\/lesdoudous.net\/index.php\/lequipe-3\/#breadcrumb"},"inLanguage":"fr-FR","potentialAction":[{"@type":"ReadAction","target":["https:\/\/lesdoudous.net\/index.php\/lequipe-3\/"]}]},{"@type":"BreadcrumbList","@id":"https:\/\/lesdoudous.net\/index.php\/lequipe-3\/#breadcrumb","itemListElement":[{"@type":"ListItem","position":1,"name":"Accueil","item":"https:\/\/lesdoudous.net\/"},{"@type":"ListItem","position":2,"name":"L&rsquo;\u00e9quipe de Pian-sur-Garonne"}]},{"@type":"WebSite","@id":"https:\/\/lesdoudous.net\/#website","url":"https:\/\/lesdoudous.net\/","name":"Micro-cr\u00e8ches Les DOUDOUS","description":"Roaillan | Le Pian sur Garonne | Langon","publisher":{"@id":"https:\/\/lesdoudous.net\/#organization"},"potentialAction":[{"@type":"SearchAction","target":{"@type":"EntryPoint","urlTemplate":"https:\/\/lesdoudous.net\/?s={search_term_string}"},"query-input":"required name=search_term_string"}],"inLanguage":"fr-FR"},{"@type":"Organization","@id":"https:\/\/lesdoudous.net\/#organization","name":"MICRO-CR\u00c8CHES LES DOUDOUS","url":"https:\/\/lesdoudous.net\/","logo":{"@type":"ImageObject","inLanguage":"fr-FR","@id":"https:\/\/lesdoudous.net\/#\/schema\/logo\/image\/","url":"https:\/\/lesdoudous.net\/wp-content\/uploads\/2017\/12\/Les-doudous-g\u00e9n\u00e9ral.jpg","contentUrl":"https:\/\/lesdoudous.net\/wp-content\/uploads\/2017\/12\/Les-doudous-g\u00e9n\u00e9ral.jpg","width":341,"height":256,"caption":"MICRO-CR\u00c8CHES LES DOUDOUS"},"image":{"@id":"https:\/\/lesdoudous.net\/#\/schema\/logo\/image\/"}}]}},"_links":{"self":[{"href":"https:\/\/lesdoudous.net\/index.php\/wp-json\/wp\/v2\/pages\/351"}],"collection":[{"href":"https:\/\/lesdoudous.net\/index.php\/wp-json\/wp\/v2\/pages"}],"about":[{"href":"https:\/\/lesdoudous.net\/index.php\/wp-json\/wp\/v2\/types\/page"}],"author":[{"embeddable":true,"href":"https:\/\/lesdoudous.net\/index.php\/wp-json\/wp\/v2\/users\/1"}],"replies":[{"embeddable":true,"href":"https:\/\/lesdoudous.net\/index.php\/wp-json\/wp\/v2\/comments?post=351"}],"version-history":[{"count":27,"href":"https:\/\/lesdoudous.net\/index.php\/wp-json\/wp\/v2\/pages\/351\/revisions"}],"predecessor-version":[{"id":714,"href":"https:\/\/lesdoudous.net\/index.php\/wp-json\/wp\/v2\/pages\/351\/revisions\/714"}],"wp:attachment":[{"href":"https:\/\/lesdoudous.net\/index.php\/wp-json\/wp\/v2\/media?parent=351"}],"curies":[{"name":"wp","href":"https:\/\/api.w.org\/{rel}","templated":true}]}}