{"id":263,"date":"2019-07-18T17:50:00","date_gmt":"2019-07-18T15:50:00","guid":{"rendered":"http:\/\/lesdoudous.net\/?page_id=263"},"modified":"2024-01-23T12:14:58","modified_gmt":"2024-01-23T11:14:58","slug":"le-pian-sur-garonne","status":"publish","type":"page","link":"https:\/\/lesdoudous.net\/index.php\/le-pian-sur-garonne\/","title":{"rendered":"Le Pian sur Garonne"},"content":{"rendered":"\n<h2 class=\"wp-block-heading has-text-align-center\">MICRO-CRECHES | LES DOUDOUS<br>LE PIAN SUR GARONNE<\/h2>\n\n\n\n<h4 class=\"wp-block-heading has-text-align-center\"><img loading=\"lazy\" decoding=\"async\" class=\"alignnone wp-image-482 size-full\" src=\"http:\/\/lesdoudous.net\/wp-content\/uploads\/2020\/11\/animaux6.png\" alt=\"\" width=\"150\" height=\"150\" srcset=\"https:\/\/lesdoudous.net\/wp-content\/uploads\/2020\/11\/animaux6.png 150w, https:\/\/lesdoudous.net\/wp-content\/uploads\/2020\/11\/animaux6-140x140.png 140w\" sizes=\"(max-width: 150px) 100vw, 150px\" \/><\/h4>\n\n\n\n<hr class=\"wp-block-separator has-text-color has-black-color has-alpha-channel-opacity has-black-background-color has-background\"\/>\n\n\n\n<h5 class=\"wp-block-heading has-text-align-center\">Gestionnaire : Fanette AUGERAUD<br>R\u00e9f\u00e9rentes techniques : Estelle BORDESSOULES<\/h5>\n\n\n\n<hr class=\"wp-block-separator has-text-color has-black-color has-alpha-channel-opacity has-black-background-color has-background\"\/>\n\n\n\n<h5 class=\"wp-block-heading has-text-align-center\">Mail<\/h5>\n\n\n\n<p class=\"has-text-align-center\"><a href=\"mailto:pian@lesdoudous.net\">pian@lesdoudous.net<\/a><\/p>\n\n\n\n<h5 class=\"wp-block-heading has-text-align-center\">Courrier<\/h5>\n\n\n\n<p class=\"has-text-align-center\">35, Grand rue<br>33490 LE PIAN SUR GARONNE<\/p>\n\n\n\n<h5 class=\"wp-block-heading has-text-align-center\">T\u00e9l\u00e9phone<\/h5>\n\n\n\n<p class=\"has-text-align-center\">05.56.27.09.11<\/p>\n\n\n\n<p class=\"has-text-align-center\"><iframe loading=\"lazy\" style=\"border: 0;\" tabindex=\"0\" src=\"https:\/\/www.google.com\/maps\/embed?pb=!1m18!1m12!1m3!1d2962.1528624113603!2d-0.2129345394296147!3d44.58706483518164!2m3!1f0!2f0!3f0!3m2!1i1024!2i768!4f13.1!3m3!1m2!1s0xd556da8163be93d%3A0xc4a7052ebbcfba06!2sMairie!5e0!3m2!1sfr!2sfr!4v1606128304142!5m2!1sfr!2sfr\" width=\"600\" height=\"450\" frameborder=\"0\" allowfullscreen=\"allowfullscreen\" aria-hidden=\"false\"><\/iframe><\/p>\n\n\n\n<h5 class=\"wp-block-heading\">Implantation<\/h5>\n\n\n\n<p>Depuis janvier 2020, la micro-cr\u00e8che Les Doudous est situ\u00e9e au centre du petit village dynamique de Le Pian sur Garonne face \u00e0 la mairie et au sein m\u00eame de l&rsquo;ancienne salle des f\u00eates du village. C&rsquo;est la municipalit\u00e9 qui nous accueil dans ce local, que nous avons conjointement transform\u00e9 afin d&rsquo;offrir un espace enti\u00e8rement r\u00e9nov\u00e9.<\/p>\n\n\n\n<p>Un acc\u00e8s direct \u00e0 un jardin s\u00e9curis\u00e9 est \u00e0 notre disposition.<\/p>\n\n\n\n<figure class=\"wp-block-gallery has-nested-images columns-default is-cropped wp-block-gallery-1 is-layout-flex wp-block-gallery-is-layout-flex\">\n<figure class=\"wp-block-image size-large\"><img loading=\"lazy\" decoding=\"async\" width=\"1024\" height=\"683\" data-id=\"729\" src=\"https:\/\/lesdoudous.net\/wp-content\/uploads\/2024\/01\/cute-boy-playing-with-toy-home-1-1024x683.jpg\" alt=\"\" class=\"wp-image-729\" srcset=\"https:\/\/lesdoudous.net\/wp-content\/uploads\/2024\/01\/cute-boy-playing-with-toy-home-1-1024x683.jpg 1024w, https:\/\/lesdoudous.net\/wp-content\/uploads\/2024\/01\/cute-boy-playing-with-toy-home-1-300x200.jpg 300w, https:\/\/lesdoudous.net\/wp-content\/uploads\/2024\/01\/cute-boy-playing-with-toy-home-1-768x512.jpg 768w, https:\/\/lesdoudous.net\/wp-content\/uploads\/2024\/01\/cute-boy-playing-with-toy-home-1-1536x1024.jpg 1536w, https:\/\/lesdoudous.net\/wp-content\/uploads\/2024\/01\/cute-boy-playing-with-toy-home-1-2048x1365.jpg 2048w, https:\/\/lesdoudous.net\/wp-content\/uploads\/2024\/01\/cute-boy-playing-with-toy-home-1-1260x840.jpg 1260w\" sizes=\"(max-width: 1024px) 100vw, 1024px\" \/><\/figure>\n\n\n\n<figure class=\"wp-block-image size-large\"><img loading=\"lazy\" decoding=\"async\" width=\"1024\" height=\"683\" data-id=\"728\" src=\"https:\/\/lesdoudous.net\/wp-content\/uploads\/2024\/01\/mother-with-little-child-playground-1-1024x683.jpg\" alt=\"\" class=\"wp-image-728\" srcset=\"https:\/\/lesdoudous.net\/wp-content\/uploads\/2024\/01\/mother-with-little-child-playground-1-1024x683.jpg 1024w, https:\/\/lesdoudous.net\/wp-content\/uploads\/2024\/01\/mother-with-little-child-playground-1-300x200.jpg 300w, https:\/\/lesdoudous.net\/wp-content\/uploads\/2024\/01\/mother-with-little-child-playground-1-768x513.jpg 768w, https:\/\/lesdoudous.net\/wp-content\/uploads\/2024\/01\/mother-with-little-child-playground-1-1536x1025.jpg 1536w, https:\/\/lesdoudous.net\/wp-content\/uploads\/2024\/01\/mother-with-little-child-playground-1-2048x1367.jpg 2048w, https:\/\/lesdoudous.net\/wp-content\/uploads\/2024\/01\/mother-with-little-child-playground-1-1260x841.jpg 1260w\" sizes=\"(max-width: 1024px) 100vw, 1024px\" \/><\/figure>\n\n\n\n<figure class=\"wp-block-image size-large\"><img loading=\"lazy\" decoding=\"async\" width=\"1024\" height=\"683\" data-id=\"730\" src=\"https:\/\/lesdoudous.net\/wp-content\/uploads\/2024\/01\/teacher-is-teaching-girl-make-sand-shapes-while-other-kids-are-playing-together-2-1024x683.jpg\" alt=\"\" class=\"wp-image-730\" srcset=\"https:\/\/lesdoudous.net\/wp-content\/uploads\/2024\/01\/teacher-is-teaching-girl-make-sand-shapes-while-other-kids-are-playing-together-2-1024x683.jpg 1024w, https:\/\/lesdoudous.net\/wp-content\/uploads\/2024\/01\/teacher-is-teaching-girl-make-sand-shapes-while-other-kids-are-playing-together-2-300x200.jpg 300w, https:\/\/lesdoudous.net\/wp-content\/uploads\/2024\/01\/teacher-is-teaching-girl-make-sand-shapes-while-other-kids-are-playing-together-2-768x512.jpg 768w, https:\/\/lesdoudous.net\/wp-content\/uploads\/2024\/01\/teacher-is-teaching-girl-make-sand-shapes-while-other-kids-are-playing-together-2-1536x1024.jpg 1536w, https:\/\/lesdoudous.net\/wp-content\/uploads\/2024\/01\/teacher-is-teaching-girl-make-sand-shapes-while-other-kids-are-playing-together-2-2048x1365.jpg 2048w, https:\/\/lesdoudous.net\/wp-content\/uploads\/2024\/01\/teacher-is-teaching-girl-make-sand-shapes-while-other-kids-are-playing-together-2-1260x840.jpg 1260w\" sizes=\"(max-width: 1024px) 100vw, 1024px\" \/><\/figure>\n<\/figure>\n","protected":false},"excerpt":{"rendered":"<p>MICRO-CRECHES | LES DOUDOUSLE PIAN SUR GARONNE Gestionnaire : Fanette AUGERAUDR\u00e9f\u00e9rentes techniques : Estelle BORDESSOULES Mail pian@lesdoudous.net Courrier 35, Grand rue33490 LE PIAN SUR GARONNE T\u00e9l\u00e9phone 05.56.27.09.11 Implantation Depuis janvier 2020, la micro-cr\u00e8che Les Doudous est situ\u00e9e au centre du petit village dynamique de Le Pian sur Garonne face \u00e0 la mairie et au sein&hellip; <\/p>\n<p class=\"toivo-read-more\"><a href=\"https:\/\/lesdoudous.net\/index.php\/le-pian-sur-garonne\/\" class=\"more-link\">Lire la suite <span class=\"screen-reader-text\">Le Pian sur Garonne<\/span><\/a><\/p>\n","protected":false},"author":1,"featured_media":0,"parent":0,"menu_order":0,"comment_status":"closed","ping_status":"closed","template":"","meta":{"footnotes":""},"yoast_head":"<!-- This site is optimized with the Yoast SEO plugin v21.7 - https:\/\/yoast.com\/wordpress\/plugins\/seo\/ -->\n<title>Le Pian sur Garonne - Micro-cr\u00e8ches Les DOUDOUS<\/title>\n<meta name=\"robots\" content=\"index, follow, max-snippet:-1, max-image-preview:large, max-video-preview:-1\" \/>\n<link rel=\"canonical\" href=\"https:\/\/lesdoudous.net\/index.php\/le-pian-sur-garonne\/\" \/>\n<meta property=\"og:locale\" content=\"fr_FR\" \/>\n<meta property=\"og:type\" content=\"article\" \/>\n<meta property=\"og:title\" content=\"Le Pian sur Garonne - Micro-cr\u00e8ches Les DOUDOUS\" \/>\n<meta property=\"og:description\" content=\"MICRO-CRECHES | LES DOUDOUSLE PIAN SUR GARONNE Gestionnaire : Fanette AUGERAUDR\u00e9f\u00e9rentes techniques : Estelle BORDESSOULES Mail pian@lesdoudous.net Courrier 35, Grand rue33490 LE PIAN SUR GARONNE T\u00e9l\u00e9phone 05.56.27.09.11 Implantation Depuis janvier 2020, la micro-cr\u00e8che Les Doudous est situ\u00e9e au centre du petit village dynamique de Le Pian sur Garonne face \u00e0 la mairie et au sein&hellip; Lire la suite Le Pian sur Garonne\" \/>\n<meta property=\"og:url\" content=\"https:\/\/lesdoudous.net\/index.php\/le-pian-sur-garonne\/\" \/>\n<meta property=\"og:site_name\" content=\"Micro-cr\u00e8ches Les DOUDOUS\" \/>\n<meta property=\"article:modified_time\" content=\"2024-01-23T11:14:58+00:00\" \/>\n<meta property=\"og:image\" content=\"http:\/\/lesdoudous.net\/wp-content\/uploads\/2020\/11\/animaux6.png\" \/>\n<meta name=\"twitter:card\" content=\"summary_large_image\" \/>\n<meta name=\"twitter:label1\" content=\"Dur\u00e9e de lecture estim\u00e9e\" \/>\n\t<meta name=\"twitter:data1\" content=\"2 minutes\" \/>\n<script type=\"application\/ld+json\" class=\"yoast-schema-graph\">{\"@context\":\"https:\/\/schema.org\",\"@graph\":[{\"@type\":\"WebPage\",\"@id\":\"https:\/\/lesdoudous.net\/index.php\/le-pian-sur-garonne\/\",\"url\":\"https:\/\/lesdoudous.net\/index.php\/le-pian-sur-garonne\/\",\"name\":\"Le Pian sur Garonne - Micro-cr\u00e8ches Les DOUDOUS\",\"isPartOf\":{\"@id\":\"https:\/\/lesdoudous.net\/#website\"},\"datePublished\":\"2019-07-18T15:50:00+00:00\",\"dateModified\":\"2024-01-23T11:14:58+00:00\",\"breadcrumb\":{\"@id\":\"https:\/\/lesdoudous.net\/index.php\/le-pian-sur-garonne\/#breadcrumb\"},\"inLanguage\":\"fr-FR\",\"potentialAction\":[{\"@type\":\"ReadAction\",\"target\":[\"https:\/\/lesdoudous.net\/index.php\/le-pian-sur-garonne\/\"]}]},{\"@type\":\"BreadcrumbList\",\"@id\":\"https:\/\/lesdoudous.net\/index.php\/le-pian-sur-garonne\/#breadcrumb\",\"itemListElement\":[{\"@type\":\"ListItem\",\"position\":1,\"name\":\"Accueil\",\"item\":\"https:\/\/lesdoudous.net\/\"},{\"@type\":\"ListItem\",\"position\":2,\"name\":\"Le Pian sur Garonne\"}]},{\"@type\":\"WebSite\",\"@id\":\"https:\/\/lesdoudous.net\/#website\",\"url\":\"https:\/\/lesdoudous.net\/\",\"name\":\"Micro-cr\u00e8ches Les DOUDOUS\",\"description\":\"Roaillan | Le Pian sur Garonne | Langon\",\"publisher\":{\"@id\":\"https:\/\/lesdoudous.net\/#organization\"},\"potentialAction\":[{\"@type\":\"SearchAction\",\"target\":{\"@type\":\"EntryPoint\",\"urlTemplate\":\"https:\/\/lesdoudous.net\/?s={search_term_string}\"},\"query-input\":\"required name=search_term_string\"}],\"inLanguage\":\"fr-FR\"},{\"@type\":\"Organization\",\"@id\":\"https:\/\/lesdoudous.net\/#organization\",\"name\":\"MICRO-CR\u00c8CHES LES DOUDOUS\",\"url\":\"https:\/\/lesdoudous.net\/\",\"logo\":{\"@type\":\"ImageObject\",\"inLanguage\":\"fr-FR\",\"@id\":\"https:\/\/lesdoudous.net\/#\/schema\/logo\/image\/\",\"url\":\"https:\/\/lesdoudous.net\/wp-content\/uploads\/2017\/12\/Les-doudous-g\u00e9n\u00e9ral.jpg\",\"contentUrl\":\"https:\/\/lesdoudous.net\/wp-content\/uploads\/2017\/12\/Les-doudous-g\u00e9n\u00e9ral.jpg\",\"width\":341,\"height\":256,\"caption\":\"MICRO-CR\u00c8CHES LES DOUDOUS\"},\"image\":{\"@id\":\"https:\/\/lesdoudous.net\/#\/schema\/logo\/image\/\"}}]}<\/script>\n<!-- \/ Yoast SEO plugin. -->","yoast_head_json":{"title":"Le Pian sur Garonne - Micro-cr\u00e8ches Les DOUDOUS","robots":{"index":"index","follow":"follow","max-snippet":"max-snippet:-1","max-image-preview":"max-image-preview:large","max-video-preview":"max-video-preview:-1"},"canonical":"https:\/\/lesdoudous.net\/index.php\/le-pian-sur-garonne\/","og_locale":"fr_FR","og_type":"article","og_title":"Le Pian sur Garonne - Micro-cr\u00e8ches Les DOUDOUS","og_description":"MICRO-CRECHES | LES DOUDOUSLE PIAN SUR GARONNE Gestionnaire : Fanette AUGERAUDR\u00e9f\u00e9rentes techniques : Estelle BORDESSOULES Mail pian@lesdoudous.net Courrier 35, Grand rue33490 LE PIAN SUR GARONNE T\u00e9l\u00e9phone 05.56.27.09.11 Implantation Depuis janvier 2020, la micro-cr\u00e8che Les Doudous est situ\u00e9e au centre du petit village dynamique de Le Pian sur Garonne face \u00e0 la mairie et au sein&hellip; Lire la suite Le Pian sur Garonne","og_url":"https:\/\/lesdoudous.net\/index.php\/le-pian-sur-garonne\/","og_site_name":"Micro-cr\u00e8ches Les DOUDOUS","article_modified_time":"2024-01-23T11:14:58+00:00","og_image":[{"url":"http:\/\/lesdoudous.net\/wp-content\/uploads\/2020\/11\/animaux6.png"}],"twitter_card":"summary_large_image","twitter_misc":{"Dur\u00e9e de lecture estim\u00e9e":"2 minutes"},"schema":{"@context":"https:\/\/schema.org","@graph":[{"@type":"WebPage","@id":"https:\/\/lesdoudous.net\/index.php\/le-pian-sur-garonne\/","url":"https:\/\/lesdoudous.net\/index.php\/le-pian-sur-garonne\/","name":"Le Pian sur Garonne - Micro-cr\u00e8ches Les DOUDOUS","isPartOf":{"@id":"https:\/\/lesdoudous.net\/#website"},"datePublished":"2019-07-18T15:50:00+00:00","dateModified":"2024-01-23T11:14:58+00:00","breadcrumb":{"@id":"https:\/\/lesdoudous.net\/index.php\/le-pian-sur-garonne\/#breadcrumb"},"inLanguage":"fr-FR","potentialAction":[{"@type":"ReadAction","target":["https:\/\/lesdoudous.net\/index.php\/le-pian-sur-garonne\/"]}]},{"@type":"BreadcrumbList","@id":"https:\/\/lesdoudous.net\/index.php\/le-pian-sur-garonne\/#breadcrumb","itemListElement":[{"@type":"ListItem","position":1,"name":"Accueil","item":"https:\/\/lesdoudous.net\/"},{"@type":"ListItem","position":2,"name":"Le Pian sur Garonne"}]},{"@type":"WebSite","@id":"https:\/\/lesdoudous.net\/#website","url":"https:\/\/lesdoudous.net\/","name":"Micro-cr\u00e8ches Les DOUDOUS","description":"Roaillan | Le Pian sur Garonne | Langon","publisher":{"@id":"https:\/\/lesdoudous.net\/#organization"},"potentialAction":[{"@type":"SearchAction","target":{"@type":"EntryPoint","urlTemplate":"https:\/\/lesdoudous.net\/?s={search_term_string}"},"query-input":"required name=search_term_string"}],"inLanguage":"fr-FR"},{"@type":"Organization","@id":"https:\/\/lesdoudous.net\/#organization","name":"MICRO-CR\u00c8CHES LES DOUDOUS","url":"https:\/\/lesdoudous.net\/","logo":{"@type":"ImageObject","inLanguage":"fr-FR","@id":"https:\/\/lesdoudous.net\/#\/schema\/logo\/image\/","url":"https:\/\/lesdoudous.net\/wp-content\/uploads\/2017\/12\/Les-doudous-g\u00e9n\u00e9ral.jpg","contentUrl":"https:\/\/lesdoudous.net\/wp-content\/uploads\/2017\/12\/Les-doudous-g\u00e9n\u00e9ral.jpg","width":341,"height":256,"caption":"MICRO-CR\u00c8CHES LES DOUDOUS"},"image":{"@id":"https:\/\/lesdoudous.net\/#\/schema\/logo\/image\/"}}]}},"_links":{"self":[{"href":"https:\/\/lesdoudous.net\/index.php\/wp-json\/wp\/v2\/pages\/263"}],"collection":[{"href":"https:\/\/lesdoudous.net\/index.php\/wp-json\/wp\/v2\/pages"}],"about":[{"href":"https:\/\/lesdoudous.net\/index.php\/wp-json\/wp\/v2\/types\/page"}],"author":[{"embeddable":true,"href":"https:\/\/lesdoudous.net\/index.php\/wp-json\/wp\/v2\/users\/1"}],"replies":[{"embeddable":true,"href":"https:\/\/lesdoudous.net\/index.php\/wp-json\/wp\/v2\/comments?post=263"}],"version-history":[{"count":10,"href":"https:\/\/lesdoudous.net\/index.php\/wp-json\/wp\/v2\/pages\/263\/revisions"}],"predecessor-version":[{"id":732,"href":"https:\/\/lesdoudous.net\/index.php\/wp-json\/wp\/v2\/pages\/263\/revisions\/732"}],"wp:attachment":[{"href":"https:\/\/lesdoudous.net\/index.php\/wp-json\/wp\/v2\/media?parent=263"}],"curies":[{"name":"wp","href":"https:\/\/api.w.org\/{rel}","templated":true}]}}