{"id":198,"date":"2018-04-20T15:10:10","date_gmt":"2018-04-20T13:10:10","guid":{"rendered":"http:\/\/lesdoudous.net\/?page_id=198"},"modified":"2023-05-15T18:07:04","modified_gmt":"2023-05-15T16:07:04","slug":"une-journee-dexploration-et-dactivites-avec-les-plus-grands","status":"publish","type":"page","link":"https:\/\/lesdoudous.net\/index.php\/une-journee-dexploration-et-dactivites-avec-les-plus-grands\/","title":{"rendered":"Une journ\u00e9e d\u2019exploration et d\u2019activit\u00e9s avec les plus grands"},"content":{"rendered":"<h6 class=\"font_8\">\u00a0<img loading=\"lazy\" decoding=\"async\" class=\"wp-image-185 alignleft\" src=\"http:\/\/lespetitsenfants.fr\/wp-content\/uploads\/2017\/02\/thuis-zwarte-variant_318-41484-300x300.jpg\" width=\"37\" height=\"37\" \/><span style=\"color: #037679;\"><strong>Jusqu&rsquo;\u00e0 10h : Accueil du matin<\/strong><\/span><\/h6>\n<p style=\"text-align: justify;\">L\u2019accueil des plus grands se d\u00e9roule de fa\u00e7on similaire \u00e0 la diff\u00e9rence que l\u2019enfant participe de fa\u00e7on\u00a0plus active aux transmissions. La s\u00e9paration peut \u00eatre un peu plus marqu\u00e9e certaine fois car l\u2019enfant r\u00e9alise que la personne qui l\u2019accompagne va devoir partir. Il nous arrive de mettre en place des rituels\u00a0afin que l\u2019enfant devienne acteur de cette s\u00e9paration. (ranger la pani\u00e8re ensemble, dire au revoir par la\u00a0fen\u00eatre,\u2026)<\/p>\n<p style=\"text-align: justify;\">Nous notons \u00e9galement sur notre cahier de transmissions les informations importantes \u00e0 connaitre pour\u00a0le reste de la journ\u00e9e.<\/p>\n<hr \/>\n<h6 class=\"font_8\">\u00a0<img loading=\"lazy\" decoding=\"async\" class=\"wp-image-182 alignleft\" src=\"http:\/\/lespetitsenfants.fr\/wp-content\/uploads\/2017\/02\/paintbrush-design-tool-interface-symbol_icon-icons.com_72967-300x300.png\" alt=\"\" width=\"32\" height=\"32\" \/><span style=\"color: #037679;\"><strong>Entre 10h et 11h : activit\u00e9s, temps d&rsquo;\u00e9veil et de jeux, sortie et intervenants<\/strong><\/span><\/h6>\n<p style=\"text-align: justify;\">Nous proposons aux enfants diverses activit\u00e9s en fonction de leur rythme et de ce qu\u2019ils veulent faire.\u00a0Il nous arrive \u00e9galement d\u2019aller \u00e0 la biblioth\u00e8que ou que des intervenants ext\u00e9rieurs viennent au sein de la\u00a0structure. Dans tous les cas, les temps d\u2019\u00e9veil et de jeux sont toujours propos\u00e9s aux enfants et non impos\u00e9s.<\/p>\n<p>Chaque enfant est libre de refuser ou de jouer \u00e0 un autre jeu.<\/p>\n<hr \/>\n<h6 class=\"font_8\"><img loading=\"lazy\" decoding=\"async\" class=\"alignnone wp-image-777\" src=\"http:\/\/lespetitsenfants.fr\/wp-content\/uploads\/2017\/10\/86057-OI212E-159-01-01-150x150.png\" alt=\"\" width=\"37\" height=\"39\" \/>\u00a0<span style=\"color: #037679;\"> \u00a0Vers 11h : Le change<\/span><\/h6>\n<p style=\"text-align: justify;\">Lorsque l\u2019activit\u00e9 se termine, les enfants peuvent jouer librement dans la salle. En m\u00eame temps, nous\u00a0les appelons pour v\u00e9rifier les couches et les changer si n\u00e9cessaire. Nous incitons l\u2019enfant \u00e0 devenir autonome\u00a0en lui demandant s\u2019il y a besoin de changer sa couche, nous lui proposons d\u2019aller sur le pot ou sur les\u00a0toilettes mais aussi de remettre ses v\u00eatements seuls. S\u2019il ne le souhaite pas, nous n\u2019insistons pas et nous\u00a0remettons une couche propre \u00e0 l\u2019enfant.<\/p>\n<p style=\"text-align: justify;\">C\u2019est un moment o\u00f9 nous sommes seuls avec l\u2019enfant et pendant lequel nous accompagnons les plus\u00a0grands vers l\u2019autonomie et la propret\u00e9.<\/p>\n<hr \/>\n<h6 class=\"font_8\"><img loading=\"lazy\" decoding=\"async\" class=\"wp-image-183 alignleft\" src=\"http:\/\/lespetitsenfants.fr\/wp-content\/uploads\/2017\/02\/plate7-300x300.png\" alt=\"\" width=\"40\" height=\"40\" \/><span style=\"color: #037679;\"><strong>Vers 11h30 : Le repas, un moment de partage et de plaisir avant tout<\/strong><\/span><\/h6>\n<p style=\"text-align: justify;\">Les repas maison sont \u00e9labor\u00e9s \u00e0 la micro-cr\u00e8che de Roaillan. Avant de passer \u00e0 table, les enfants se lavent les mains qui s&rsquo;installent o\u00f9 ils le souhaitent autour de la table. Chaque plat est pr\u00e9sent\u00e9 aux enfants. S\u2019ils le demandent, nous pouvons les resservir une fois.<br \/>\nIl s\u2019agit d\u2019un moment de convivialit\u00e9 et de plaisir, c\u2019est pour cela que nous nous attachons \u00e0 ne pas\u00a0forcer un enfant \u00e0 finir son plat. Nous l\u2019incitons \u00e0 go\u00fbter mais s\u2019il ne le souhaite pas, nous n\u2019insistons pas.<\/p>\n<p style=\"text-align: justify;\">Lorsque le repas est termin\u00e9 les enfants s\u2019essuient la bouche et les mains avec un gant humide devant un\u00a0miroir. Enfin, ils vont mettre leur serviette et gant dans la pani\u00e8re \u00e0 linge sale.<\/p>\n<hr \/>\n<h6 class=\"font_8\">\u00a0<span style=\"color: #037679;\"><img loading=\"lazy\" decoding=\"async\" class=\"wp-image-184 alignleft\" src=\"http:\/\/lespetitsenfants.fr\/wp-content\/uploads\/2017\/02\/symbole-de-la-nuit-de-la-lune-avec-un-nuage-et-etoiles_318-56088-300x300.jpg\" alt=\"\" width=\"42\" height=\"42\" \/><strong>Entre 12h15 et 15h30 : Pr\u00e9paration \u00e0 la sieste et l&rsquo;endormissement<\/strong><\/span><\/h6>\n<p style=\"text-align: justify;\">Apr\u00e8s le repas, les enfants peuvent jouer un peu avant de se pr\u00e9parer pour la sieste. Nous\u00a0les appelons chacun leur tour \u00e0 venir changer leur couche si cela est n\u00e9cessaire. Nous les encourageons \u00e0 se\u00a0d\u00e9shabiller seuls et si cela se r\u00e9v\u00e8le trop compliqu\u00e9, nous les aidons.<\/p>\n<hr \/>\n<h6><img loading=\"lazy\" decoding=\"async\" class=\"wp-image-187 alignleft\" src=\"http:\/\/lespetitsenfants.fr\/wp-content\/uploads\/2017\/02\/38043.png\" alt=\"\" width=\"35\" height=\"35\" \/><span style=\"color: #037679;\">Vers 15h30 : Le go\u00fbter<\/span><\/h6>\n<p style=\"text-align: justify;\">Quand les enfants sont r\u00e9veill\u00e9s nous les rhabillons et apr\u00e8s un petit temps de jeu, nous leur proposons le go\u00fbter. Le go\u00fbter est \u00e9quilibr\u00e9 et vari\u00e9 (un laitage, un fruit, un f\u00e9culent). La plupart des\u00a0compotes sont pr\u00e9par\u00e9es maison en fonction des fruits de saison.<\/p>\n<hr \/>\n<h6 class=\"font_8\"><img loading=\"lazy\" decoding=\"async\" class=\"alignnone wp-image-772\" src=\"http:\/\/lespetitsenfants.fr\/wp-content\/uploads\/2017\/10\/HomeIcon3-2-01-150x150.png\" alt=\"\" width=\"44\" height=\"42\" \/><span style=\"color: #037679;\">A partir de 16h : Les retrouvailles, jeux calmes et\/ou libres<\/span><\/h6>\n<p style=\"text-align: justify;\">Nous prenons un temps avec chaque famille pour effectuer les transmissions de la journ\u00e9e.<\/p>\n<p style=\"text-align: justify;\">Nous proposons des jeux plus calmes et moins dirig\u00e9s pour les enfants qui restent un peu plus tard.<\/p>\n","protected":false},"excerpt":{"rendered":"<p>\u00a0Jusqu&rsquo;\u00e0 10h : Accueil du matin L\u2019accueil des plus grands se d\u00e9roule de fa\u00e7on similaire \u00e0 la diff\u00e9rence que l\u2019enfant participe de fa\u00e7on\u00a0plus active aux transmissions. La s\u00e9paration peut \u00eatre un peu plus marqu\u00e9e certaine fois car l\u2019enfant r\u00e9alise que la personne qui l\u2019accompagne va devoir partir. Il nous arrive de mettre en place des&hellip; <\/p>\n<p class=\"toivo-read-more\"><a href=\"https:\/\/lesdoudous.net\/index.php\/une-journee-dexploration-et-dactivites-avec-les-plus-grands\/\" class=\"more-link\">Lire la suite <span class=\"screen-reader-text\">Une journ\u00e9e d\u2019exploration et d\u2019activit\u00e9s avec les plus grands<\/span><\/a><\/p>\n","protected":false},"author":1,"featured_media":0,"parent":0,"menu_order":0,"comment_status":"closed","ping_status":"closed","template":"","meta":{"footnotes":""},"yoast_head":"<!-- This site is optimized with the Yoast SEO plugin v21.7 - https:\/\/yoast.com\/wordpress\/plugins\/seo\/ -->\n<title>Une journ\u00e9e d\u2019exploration et d\u2019activit\u00e9s avec les plus grands - Micro-cr\u00e8ches Les DOUDOUS<\/title>\n<meta name=\"robots\" content=\"index, follow, max-snippet:-1, max-image-preview:large, max-video-preview:-1\" \/>\n<link rel=\"canonical\" href=\"https:\/\/lesdoudous.net\/index.php\/une-journee-dexploration-et-dactivites-avec-les-plus-grands\/\" \/>\n<meta property=\"og:locale\" content=\"fr_FR\" \/>\n<meta property=\"og:type\" content=\"article\" \/>\n<meta property=\"og:title\" content=\"Une journ\u00e9e d\u2019exploration et d\u2019activit\u00e9s avec les plus grands - Micro-cr\u00e8ches Les DOUDOUS\" \/>\n<meta property=\"og:description\" content=\"\u00a0Jusqu&rsquo;\u00e0 10h : Accueil du matin L\u2019accueil des plus grands se d\u00e9roule de fa\u00e7on similaire \u00e0 la diff\u00e9rence que l\u2019enfant participe de fa\u00e7on\u00a0plus active aux transmissions. La s\u00e9paration peut \u00eatre un peu plus marqu\u00e9e certaine fois car l\u2019enfant r\u00e9alise que la personne qui l\u2019accompagne va devoir partir. Il nous arrive de mettre en place des&hellip; Lire la suite Une journ\u00e9e d\u2019exploration et d\u2019activit\u00e9s avec les plus grands\" \/>\n<meta property=\"og:url\" content=\"https:\/\/lesdoudous.net\/index.php\/une-journee-dexploration-et-dactivites-avec-les-plus-grands\/\" \/>\n<meta property=\"og:site_name\" content=\"Micro-cr\u00e8ches Les DOUDOUS\" \/>\n<meta property=\"article:modified_time\" content=\"2023-05-15T16:07:04+00:00\" \/>\n<meta property=\"og:image\" content=\"http:\/\/lespetitsenfants.fr\/wp-content\/uploads\/2017\/02\/thuis-zwarte-variant_318-41484-300x300.jpg\" \/>\n<meta name=\"twitter:card\" content=\"summary_large_image\" \/>\n<meta name=\"twitter:label1\" content=\"Dur\u00e9e de lecture estim\u00e9e\" \/>\n\t<meta name=\"twitter:data1\" content=\"5 minutes\" \/>\n<script type=\"application\/ld+json\" class=\"yoast-schema-graph\">{\"@context\":\"https:\/\/schema.org\",\"@graph\":[{\"@type\":\"WebPage\",\"@id\":\"https:\/\/lesdoudous.net\/index.php\/une-journee-dexploration-et-dactivites-avec-les-plus-grands\/\",\"url\":\"https:\/\/lesdoudous.net\/index.php\/une-journee-dexploration-et-dactivites-avec-les-plus-grands\/\",\"name\":\"Une journ\u00e9e d\u2019exploration et d\u2019activit\u00e9s avec les plus grands - Micro-cr\u00e8ches Les DOUDOUS\",\"isPartOf\":{\"@id\":\"https:\/\/lesdoudous.net\/#website\"},\"datePublished\":\"2018-04-20T13:10:10+00:00\",\"dateModified\":\"2023-05-15T16:07:04+00:00\",\"breadcrumb\":{\"@id\":\"https:\/\/lesdoudous.net\/index.php\/une-journee-dexploration-et-dactivites-avec-les-plus-grands\/#breadcrumb\"},\"inLanguage\":\"fr-FR\",\"potentialAction\":[{\"@type\":\"ReadAction\",\"target\":[\"https:\/\/lesdoudous.net\/index.php\/une-journee-dexploration-et-dactivites-avec-les-plus-grands\/\"]}]},{\"@type\":\"BreadcrumbList\",\"@id\":\"https:\/\/lesdoudous.net\/index.php\/une-journee-dexploration-et-dactivites-avec-les-plus-grands\/#breadcrumb\",\"itemListElement\":[{\"@type\":\"ListItem\",\"position\":1,\"name\":\"Accueil\",\"item\":\"https:\/\/lesdoudous.net\/\"},{\"@type\":\"ListItem\",\"position\":2,\"name\":\"Une journ\u00e9e d\u2019exploration et d\u2019activit\u00e9s avec les plus grands\"}]},{\"@type\":\"WebSite\",\"@id\":\"https:\/\/lesdoudous.net\/#website\",\"url\":\"https:\/\/lesdoudous.net\/\",\"name\":\"Micro-cr\u00e8ches Les DOUDOUS\",\"description\":\"Roaillan | Le Pian sur Garonne | Langon\",\"publisher\":{\"@id\":\"https:\/\/lesdoudous.net\/#organization\"},\"potentialAction\":[{\"@type\":\"SearchAction\",\"target\":{\"@type\":\"EntryPoint\",\"urlTemplate\":\"https:\/\/lesdoudous.net\/?s={search_term_string}\"},\"query-input\":\"required name=search_term_string\"}],\"inLanguage\":\"fr-FR\"},{\"@type\":\"Organization\",\"@id\":\"https:\/\/lesdoudous.net\/#organization\",\"name\":\"MICRO-CR\u00c8CHES LES DOUDOUS\",\"url\":\"https:\/\/lesdoudous.net\/\",\"logo\":{\"@type\":\"ImageObject\",\"inLanguage\":\"fr-FR\",\"@id\":\"https:\/\/lesdoudous.net\/#\/schema\/logo\/image\/\",\"url\":\"https:\/\/lesdoudous.net\/wp-content\/uploads\/2017\/12\/Les-doudous-g\u00e9n\u00e9ral.jpg\",\"contentUrl\":\"https:\/\/lesdoudous.net\/wp-content\/uploads\/2017\/12\/Les-doudous-g\u00e9n\u00e9ral.jpg\",\"width\":341,\"height\":256,\"caption\":\"MICRO-CR\u00c8CHES LES DOUDOUS\"},\"image\":{\"@id\":\"https:\/\/lesdoudous.net\/#\/schema\/logo\/image\/\"}}]}<\/script>\n<!-- \/ Yoast SEO plugin. -->","yoast_head_json":{"title":"Une journ\u00e9e d\u2019exploration et d\u2019activit\u00e9s avec les plus grands - Micro-cr\u00e8ches Les DOUDOUS","robots":{"index":"index","follow":"follow","max-snippet":"max-snippet:-1","max-image-preview":"max-image-preview:large","max-video-preview":"max-video-preview:-1"},"canonical":"https:\/\/lesdoudous.net\/index.php\/une-journee-dexploration-et-dactivites-avec-les-plus-grands\/","og_locale":"fr_FR","og_type":"article","og_title":"Une journ\u00e9e d\u2019exploration et d\u2019activit\u00e9s avec les plus grands - Micro-cr\u00e8ches Les DOUDOUS","og_description":"\u00a0Jusqu&rsquo;\u00e0 10h : Accueil du matin L\u2019accueil des plus grands se d\u00e9roule de fa\u00e7on similaire \u00e0 la diff\u00e9rence que l\u2019enfant participe de fa\u00e7on\u00a0plus active aux transmissions. La s\u00e9paration peut \u00eatre un peu plus marqu\u00e9e certaine fois car l\u2019enfant r\u00e9alise que la personne qui l\u2019accompagne va devoir partir. Il nous arrive de mettre en place des&hellip; Lire la suite Une journ\u00e9e d\u2019exploration et d\u2019activit\u00e9s avec les plus grands","og_url":"https:\/\/lesdoudous.net\/index.php\/une-journee-dexploration-et-dactivites-avec-les-plus-grands\/","og_site_name":"Micro-cr\u00e8ches Les DOUDOUS","article_modified_time":"2023-05-15T16:07:04+00:00","og_image":[{"url":"http:\/\/lespetitsenfants.fr\/wp-content\/uploads\/2017\/02\/thuis-zwarte-variant_318-41484-300x300.jpg"}],"twitter_card":"summary_large_image","twitter_misc":{"Dur\u00e9e de lecture estim\u00e9e":"5 minutes"},"schema":{"@context":"https:\/\/schema.org","@graph":[{"@type":"WebPage","@id":"https:\/\/lesdoudous.net\/index.php\/une-journee-dexploration-et-dactivites-avec-les-plus-grands\/","url":"https:\/\/lesdoudous.net\/index.php\/une-journee-dexploration-et-dactivites-avec-les-plus-grands\/","name":"Une journ\u00e9e d\u2019exploration et d\u2019activit\u00e9s avec les plus grands - Micro-cr\u00e8ches Les DOUDOUS","isPartOf":{"@id":"https:\/\/lesdoudous.net\/#website"},"datePublished":"2018-04-20T13:10:10+00:00","dateModified":"2023-05-15T16:07:04+00:00","breadcrumb":{"@id":"https:\/\/lesdoudous.net\/index.php\/une-journee-dexploration-et-dactivites-avec-les-plus-grands\/#breadcrumb"},"inLanguage":"fr-FR","potentialAction":[{"@type":"ReadAction","target":["https:\/\/lesdoudous.net\/index.php\/une-journee-dexploration-et-dactivites-avec-les-plus-grands\/"]}]},{"@type":"BreadcrumbList","@id":"https:\/\/lesdoudous.net\/index.php\/une-journee-dexploration-et-dactivites-avec-les-plus-grands\/#breadcrumb","itemListElement":[{"@type":"ListItem","position":1,"name":"Accueil","item":"https:\/\/lesdoudous.net\/"},{"@type":"ListItem","position":2,"name":"Une journ\u00e9e d\u2019exploration et d\u2019activit\u00e9s avec les plus grands"}]},{"@type":"WebSite","@id":"https:\/\/lesdoudous.net\/#website","url":"https:\/\/lesdoudous.net\/","name":"Micro-cr\u00e8ches Les DOUDOUS","description":"Roaillan | Le Pian sur Garonne | Langon","publisher":{"@id":"https:\/\/lesdoudous.net\/#organization"},"potentialAction":[{"@type":"SearchAction","target":{"@type":"EntryPoint","urlTemplate":"https:\/\/lesdoudous.net\/?s={search_term_string}"},"query-input":"required name=search_term_string"}],"inLanguage":"fr-FR"},{"@type":"Organization","@id":"https:\/\/lesdoudous.net\/#organization","name":"MICRO-CR\u00c8CHES LES DOUDOUS","url":"https:\/\/lesdoudous.net\/","logo":{"@type":"ImageObject","inLanguage":"fr-FR","@id":"https:\/\/lesdoudous.net\/#\/schema\/logo\/image\/","url":"https:\/\/lesdoudous.net\/wp-content\/uploads\/2017\/12\/Les-doudous-g\u00e9n\u00e9ral.jpg","contentUrl":"https:\/\/lesdoudous.net\/wp-content\/uploads\/2017\/12\/Les-doudous-g\u00e9n\u00e9ral.jpg","width":341,"height":256,"caption":"MICRO-CR\u00c8CHES LES DOUDOUS"},"image":{"@id":"https:\/\/lesdoudous.net\/#\/schema\/logo\/image\/"}}]}},"_links":{"self":[{"href":"https:\/\/lesdoudous.net\/index.php\/wp-json\/wp\/v2\/pages\/198"}],"collection":[{"href":"https:\/\/lesdoudous.net\/index.php\/wp-json\/wp\/v2\/pages"}],"about":[{"href":"https:\/\/lesdoudous.net\/index.php\/wp-json\/wp\/v2\/types\/page"}],"author":[{"embeddable":true,"href":"https:\/\/lesdoudous.net\/index.php\/wp-json\/wp\/v2\/users\/1"}],"replies":[{"embeddable":true,"href":"https:\/\/lesdoudous.net\/index.php\/wp-json\/wp\/v2\/comments?post=198"}],"version-history":[{"count":6,"href":"https:\/\/lesdoudous.net\/index.php\/wp-json\/wp\/v2\/pages\/198\/revisions"}],"predecessor-version":[{"id":644,"href":"https:\/\/lesdoudous.net\/index.php\/wp-json\/wp\/v2\/pages\/198\/revisions\/644"}],"wp:attachment":[{"href":"https:\/\/lesdoudous.net\/index.php\/wp-json\/wp\/v2\/media?parent=198"}],"curies":[{"name":"wp","href":"https:\/\/api.w.org\/{rel}","templated":true}]}}