{"id":184,"date":"2018-04-11T14:41:05","date_gmt":"2018-04-11T12:41:05","guid":{"rendered":"http:\/\/lesdoudous.net\/?page_id=184"},"modified":"2020-11-23T19:02:17","modified_gmt":"2020-11-23T18:02:17","slug":"solution-pour-les-entreprises","status":"publish","type":"page","link":"https:\/\/lesdoudous.net\/index.php\/solution-pour-les-entreprises\/","title":{"rendered":"Solution pour les entreprises"},"content":{"rendered":"\n<div class=\"wp-block-image\"><figure class=\"aligncenter\"><img loading=\"lazy\" decoding=\"async\" width=\"150\" height=\"150\" src=\"http:\/\/lesdoudous.net\/wp-content\/uploads\/2020\/11\/animaux4.png\" alt=\"\" class=\"wp-image-477\" srcset=\"https:\/\/lesdoudous.net\/wp-content\/uploads\/2020\/11\/animaux4.png 150w, https:\/\/lesdoudous.net\/wp-content\/uploads\/2020\/11\/animaux4-140x140.png 140w\" sizes=\"(max-width: 150px) 100vw, 150px\" \/><\/figure><\/div>\n\n\n<div class=\"gdlr-page-title-wrapper gdlr-parallax-wrapper gdlr-title-normal\" data-bgspeed=\"0.5\">\n<div class=\"gdlr-page-title-container container\">\n<h4 style=\"text-align: center;\">Les modalit\u00e9s de r\u00e9servation d\u2019un berceau entreprise<\/h4>\n<hr>\n<\/div>\n<\/div>\n<div class=\"content-wrapper\">\n<div class=\"gdlr-content\">\n<div class=\"with-sidebar-wrapper gdlr-type-no-sidebar\">\n<section id=\"content-section-1\">\n<div class=\"section-container container\">\n<div class=\"twelve columns\">\n<div class=\"gdlr-item gdlr-content-item\">\n<p style=\"text-align: justify;\">Vous \u00eates chef d\u2019entreprise, vous travaillez en tant que profession lib\u00e9rale ou bien vous repr\u00e9sentez une entreprise \u00e0 la recherche d\u2019une solution d\u2019accueil pour les jeunes enfants de vos collaborateurs, il est possible de r\u00e9server un ou plusieurs berceaux d\u2019entreprise au sein des micros cr\u00e8ches Les Doudous.<\/p>\n<p style=\"text-align: justify;\">Cette r\u00e9servation de places en micro-cr\u00e8che par l\u2019entreprise comporte de nombreux avantages tant pour l\u2019employeur que pour le salari\u00e9.<\/p>\n<\/div>\n<\/div>\n<div class=\"twelve columns\">\n<div class=\"gdlr-item gdlr-accordion-item style-1\">\n<div class=\"accordion-tab\">\n<h6 class=\"accordion-title\" style=\"text-align: left;\">L\u2019aide au retour \u00e0 l\u2019emploi suite au cong\u00e9 maternit\u00e9<\/h6>\n<hr>\n<p style=\"text-align: justify;\">Trouver une solution d\u2019accueil pour un nouveau-n\u00e9 correspondant aux attentes et aux besoins de ses jeunes parents, est parfois une mission difficile.<\/p>\n<p style=\"text-align: justify;\">Une entreprise proposant une place en cr\u00e8che contribue grandement \u00e0 un retour au bureau r\u00e9ussi.<\/p>\n<\/div>\n<div class=\"accordion-tab\">\n<h6 class=\"accordion-title\" style=\"text-align: left;\">La fid\u00e9lisation<\/h6>\n<hr>\n<p style=\"text-align: justify;\">Les places en cr\u00e8che sont tr\u00e8s recherch\u00e9es. Une entreprise proposant ce service innovant \u00e0 ses salari\u00e9s fid\u00e9lise ses collaborateurs et renforce sa politique sociale.<\/p>\n<\/div>\n<div class=\"accordion-tab\">\n<h6 style=\"text-align: left;\">&nbsp;La s\u00e9r\u00e9nit\u00e9<\/h6>\n<hr>\n<p style=\"text-align: justify;\">Les parents confient leur enfant \u00e0 une \u00e9quipe pluridisciplinaire sp\u00e9cialis\u00e9e dans la petite enfance. Les professionnelles sont \u00e0 l\u2019\u00e9coute dans un climat de confiance. Vos collaborateurs arrivent au bureau l\u2019esprit serein.<\/p>\n<\/div>\n<div class=\"accordion-tab pre-active active\">\n<h6 class=\"accordion-title\" style=\"text-align: left;\">Le Co\u00fbt<\/h6>\n<hr>\n<div class=\"accordion-content\">\n<p style=\"text-align: justify;\">Votre collaborateur va b\u00e9n\u00e9ficier du tarif qu\u2019il pourrait avoir en cr\u00e8che municipale.<\/p>\n<p style=\"text-align: justify;\">Votre entreprise va b\u00e9n\u00e9ficier d\u2019un cr\u00e9dit d\u2019imp\u00f4t famille et d\u2019une d\u00e9fiscalisation.<\/p>\n<\/div>\n<\/div>\n<\/div>\n<\/div>\n<h6 class=\"clear\" style=\"text-align: left;\">Les aides pour l&rsquo;entreprise r\u00e9servataire<\/h6>\n<hr>\n<div class=\"twelve columns\">\n<div class=\"gdlr-title-item\">\n<div class=\"gdlr-item-title-wrapper gdlr-item pos-left \">\n<div class=\"gdlr-item-title-head\">\n<div class=\"clear\"><span style=\"line-height: inherit; text-align: justify; font-size: 1.25rem;\">La r\u00e9servation d\u2019une place en cr\u00e8che reste tr\u00e8s avantageuse pour l\u2019entreprise car l\u2019\u00e9tat a mis en place tout un dispositif de cr\u00e9dit d\u2019imp\u00f4ts et de d\u00e9ductions fiscales.<\/span><\/div>\n<div><\/div>\n<\/div>\n<\/div>\n<\/div>\n<div class=\"gdlr-item gdlr-content-item\">\n<p style=\"text-align: justify;\">Pour b\u00e9n\u00e9ficier du cr\u00e9dit d\u2019imp\u00f4t famille, que vous soyez soumis \u00e0 l\u2019imp\u00f4t sur les soci\u00e9t\u00e9s ou \u00e0 l\u2019imp\u00f4t sur le revenu, votre entreprise doit relever d\u2019un r\u00e9gime r\u00e9el d\u2019imposition.<br>\nLes micro-entreprises, les auto-entrepreneurs ou les entrepreneurs individuels sans salari\u00e9 ne peuvent pour le moment pas b\u00e9n\u00e9ficier de ce cr\u00e9dit d\u2019imp\u00f4t.<\/p>\n<p style=\"text-align: justify;\">Pour plus de renseignements sur les conditions de l\u2019octroi du cr\u00e9dit d\u2019imp\u00f4t famille, vous pouvez consulter le site internet du service des <a href=\"https:\/\/www.service-public.fr\/professionnels-entreprises\/vosdroits\/F31922\">imp\u00f4ts.<\/a><\/p>\n<p style=\"text-align: justify;\">Exemple de simulation pour une entreprise soumise \u00e0 l\u2019imp\u00f4t sur les soci\u00e9t\u00e9s<\/p>\n<table>\n<tbody>\n<tr>\n<td width=\"312\">Co\u00fbt annuel de la r\u00e9servation du berceau<\/td>\n<td width=\"95\">11 000\u20ac*<\/td>\n<\/tr>\n<tr>\n<td width=\"312\">Cr\u00e9dit d\u2019imp\u00f4t Famille 50%<\/td>\n<td width=\"95\">-5 500\u20ac<\/td>\n<\/tr>\n<tr>\n<td width=\"312\">Economie de l\u2019imp\u00f4t sur les soci\u00e9t\u00e9s 33%<\/td>\n<td width=\"95\">-3 630\u20ac<\/td>\n<\/tr>\n<tr>\n<td width=\"312\">Co\u00fbt net annuel apr\u00e8s d\u00e9duction des aides fiscales<\/td>\n<td width=\"95\">1 870\u20ac<\/td>\n<\/tr>\n<tr>\n<td width=\"312\">Co\u00fbt net mensuel<\/td>\n<td width=\"95\">155\u20ac<\/td>\n<\/tr>\n<\/tbody>\n<\/table>\n<p><small>*Montants donn\u00e9s \u00e0 titre d\u2019exemple<\/small>\n<\/p><p style=\"text-align: justify;\">Pour les professions lib\u00e9rales, le mode de calcul reste le m\u00eame mais la d\u00e9duction fiscale varie en fonction de la tranche d\u2019imposition de vos revenus.<\/p>\n<h6 style=\"text-align: left;\">Le co\u00fbt de la place pour la famille<\/h6>\n<hr>\n<\/div>\n<\/div>\n<div class=\"twelve columns\">\n<div class=\"gdlr-title-item\">\n<div class=\"gdlr-item-title-wrapper gdlr-item pos-left \">\n<div class=\"gdlr-item-title-head\">\n<div class=\"clear\">\n<p style=\"text-align: justify;\">De leur c\u00f4t\u00e9 les familles vont pouvoir b\u00e9n\u00e9ficier d\u2019un tarif pr\u00e9f\u00e9rentiel aupr\u00e8s de la micro cr\u00e8che, des aides de la <a href=\"http:\/\/www.caf.fr\/allocataires\/droits-et-prestations\/s-informer-sur-les-aides\/petite-enfance\/le-complement-de-libre-choix-du-mode-de-garde\">CAF<\/a>&nbsp;ou MSA, et du cr\u00e9dit d\u2019imp\u00f4t.<\/p>\n<\/div>\n<\/div>\n<\/div>\n<\/div>\n<div class=\"gdlr-item gdlr-content-item\">\n<div class=\"twelve columns\">\n<div class=\"gdlr-item gdlr-content-item\">\n<h6><\/h6>\n<h6 style=\"text-align: left;\">Demande de devis<\/h6>\n<hr>\n<\/div>\n<\/div>\n<div class=\"twelve columns\">\n<div class=\"gdlr-title-item\">\n<div class=\"gdlr-item-title-wrapper gdlr-item pos-left \">\n<div class=\"gdlr-item-title-head\">\n<div class=\"clear\">\n<p style=\"text-align: justify;\"><\/p>\n<\/div>\n<\/div>\n<\/div>\n<\/div>\n<\/div>\n<p style=\"text-align: justify;\">Pour un&nbsp;<strong>devis personnalis\u00e9 :<\/strong><\/p>\n<ul>\n \t<li style=\"text-align: justify;\">Si vous \u00eates une famille merci de bien vouloir compl\u00e9ter le <a href=\"http:\/\/lespetitsenfants.fr\/?page_id=16\">formulaire de contact<\/a><\/li>\n<p> \t<\/p><li style=\"text-align: justify;\">Si vous \u00eates une entreprise souhaitant r\u00e9server un berceau : Merci de bien vouloir contacter&nbsp;directement la gestionnaire des micros cr\u00e8ches par mail \u00e0 <a href=\"mailto:direction@lesdoudous.net\">direction@lesdoudous.net<\/a>.<\/li>\n<\/ul>\n<\/div>\n<\/div>\n<\/div>\n<\/section>\n<\/div>\n<\/div>\n<\/div>\n<p><a name=\"top\"><\/a><\/p>","protected":false},"excerpt":{"rendered":"<p>Les modalit\u00e9s de r\u00e9servation d\u2019un berceau entreprise Vous \u00eates chef d\u2019entreprise, vous travaillez en tant que profession lib\u00e9rale ou bien vous repr\u00e9sentez une entreprise \u00e0 la recherche d\u2019une solution d\u2019accueil pour les jeunes enfants de vos collaborateurs, il est possible de r\u00e9server un ou plusieurs berceaux d\u2019entreprise au sein des micros cr\u00e8ches Les Doudous. Cette&hellip; <\/p>\n<p class=\"toivo-read-more\"><a href=\"https:\/\/lesdoudous.net\/index.php\/solution-pour-les-entreprises\/\" class=\"more-link\">Lire la suite <span class=\"screen-reader-text\">Solution pour les entreprises<\/span><\/a><\/p>\n","protected":false},"author":1,"featured_media":0,"parent":0,"menu_order":0,"comment_status":"closed","ping_status":"closed","template":"","meta":{"footnotes":""},"yoast_head":"<!-- This site is optimized with the Yoast SEO plugin v21.7 - https:\/\/yoast.com\/wordpress\/plugins\/seo\/ -->\n<title>Solution pour les entreprises - Micro-cr\u00e8ches Les DOUDOUS<\/title>\n<meta name=\"robots\" content=\"index, follow, max-snippet:-1, max-image-preview:large, max-video-preview:-1\" \/>\n<link rel=\"canonical\" href=\"https:\/\/lesdoudous.net\/index.php\/solution-pour-les-entreprises\/\" \/>\n<meta property=\"og:locale\" content=\"fr_FR\" \/>\n<meta property=\"og:type\" content=\"article\" \/>\n<meta property=\"og:title\" content=\"Solution pour les entreprises - Micro-cr\u00e8ches Les DOUDOUS\" \/>\n<meta property=\"og:description\" content=\"Les modalit\u00e9s de r\u00e9servation d\u2019un berceau entreprise Vous \u00eates chef d\u2019entreprise, vous travaillez en tant que profession lib\u00e9rale ou bien vous repr\u00e9sentez une entreprise \u00e0 la recherche d\u2019une solution d\u2019accueil pour les jeunes enfants de vos collaborateurs, il est possible de r\u00e9server un ou plusieurs berceaux d\u2019entreprise au sein des micros cr\u00e8ches Les Doudous. Cette&hellip; Lire la suite Solution pour les entreprises\" \/>\n<meta property=\"og:url\" content=\"https:\/\/lesdoudous.net\/index.php\/solution-pour-les-entreprises\/\" \/>\n<meta property=\"og:site_name\" content=\"Micro-cr\u00e8ches Les DOUDOUS\" \/>\n<meta property=\"article:modified_time\" content=\"2020-11-23T18:02:17+00:00\" \/>\n<meta property=\"og:image\" content=\"http:\/\/lesdoudous.net\/wp-content\/uploads\/2020\/11\/animaux4.png\" \/>\n<meta name=\"twitter:card\" content=\"summary_large_image\" \/>\n<meta name=\"twitter:label1\" content=\"Dur\u00e9e de lecture estim\u00e9e\" \/>\n\t<meta name=\"twitter:data1\" content=\"3 minutes\" \/>\n<script type=\"application\/ld+json\" class=\"yoast-schema-graph\">{\"@context\":\"https:\/\/schema.org\",\"@graph\":[{\"@type\":\"WebPage\",\"@id\":\"https:\/\/lesdoudous.net\/index.php\/solution-pour-les-entreprises\/\",\"url\":\"https:\/\/lesdoudous.net\/index.php\/solution-pour-les-entreprises\/\",\"name\":\"Solution pour les entreprises - Micro-cr\u00e8ches Les DOUDOUS\",\"isPartOf\":{\"@id\":\"https:\/\/lesdoudous.net\/#website\"},\"datePublished\":\"2018-04-11T12:41:05+00:00\",\"dateModified\":\"2020-11-23T18:02:17+00:00\",\"breadcrumb\":{\"@id\":\"https:\/\/lesdoudous.net\/index.php\/solution-pour-les-entreprises\/#breadcrumb\"},\"inLanguage\":\"fr-FR\",\"potentialAction\":[{\"@type\":\"ReadAction\",\"target\":[\"https:\/\/lesdoudous.net\/index.php\/solution-pour-les-entreprises\/\"]}]},{\"@type\":\"BreadcrumbList\",\"@id\":\"https:\/\/lesdoudous.net\/index.php\/solution-pour-les-entreprises\/#breadcrumb\",\"itemListElement\":[{\"@type\":\"ListItem\",\"position\":1,\"name\":\"Accueil\",\"item\":\"https:\/\/lesdoudous.net\/\"},{\"@type\":\"ListItem\",\"position\":2,\"name\":\"Solution pour les entreprises\"}]},{\"@type\":\"WebSite\",\"@id\":\"https:\/\/lesdoudous.net\/#website\",\"url\":\"https:\/\/lesdoudous.net\/\",\"name\":\"Micro-cr\u00e8ches Les DOUDOUS\",\"description\":\"Roaillan | Le Pian sur Garonne | Langon\",\"publisher\":{\"@id\":\"https:\/\/lesdoudous.net\/#organization\"},\"potentialAction\":[{\"@type\":\"SearchAction\",\"target\":{\"@type\":\"EntryPoint\",\"urlTemplate\":\"https:\/\/lesdoudous.net\/?s={search_term_string}\"},\"query-input\":\"required name=search_term_string\"}],\"inLanguage\":\"fr-FR\"},{\"@type\":\"Organization\",\"@id\":\"https:\/\/lesdoudous.net\/#organization\",\"name\":\"MICRO-CR\u00c8CHES LES DOUDOUS\",\"url\":\"https:\/\/lesdoudous.net\/\",\"logo\":{\"@type\":\"ImageObject\",\"inLanguage\":\"fr-FR\",\"@id\":\"https:\/\/lesdoudous.net\/#\/schema\/logo\/image\/\",\"url\":\"https:\/\/lesdoudous.net\/wp-content\/uploads\/2017\/12\/Les-doudous-g\u00e9n\u00e9ral.jpg\",\"contentUrl\":\"https:\/\/lesdoudous.net\/wp-content\/uploads\/2017\/12\/Les-doudous-g\u00e9n\u00e9ral.jpg\",\"width\":341,\"height\":256,\"caption\":\"MICRO-CR\u00c8CHES LES DOUDOUS\"},\"image\":{\"@id\":\"https:\/\/lesdoudous.net\/#\/schema\/logo\/image\/\"}}]}<\/script>\n<!-- \/ Yoast SEO plugin. -->","yoast_head_json":{"title":"Solution pour les entreprises - Micro-cr\u00e8ches Les DOUDOUS","robots":{"index":"index","follow":"follow","max-snippet":"max-snippet:-1","max-image-preview":"max-image-preview:large","max-video-preview":"max-video-preview:-1"},"canonical":"https:\/\/lesdoudous.net\/index.php\/solution-pour-les-entreprises\/","og_locale":"fr_FR","og_type":"article","og_title":"Solution pour les entreprises - Micro-cr\u00e8ches Les DOUDOUS","og_description":"Les modalit\u00e9s de r\u00e9servation d\u2019un berceau entreprise Vous \u00eates chef d\u2019entreprise, vous travaillez en tant que profession lib\u00e9rale ou bien vous repr\u00e9sentez une entreprise \u00e0 la recherche d\u2019une solution d\u2019accueil pour les jeunes enfants de vos collaborateurs, il est possible de r\u00e9server un ou plusieurs berceaux d\u2019entreprise au sein des micros cr\u00e8ches Les Doudous. Cette&hellip; Lire la suite Solution pour les entreprises","og_url":"https:\/\/lesdoudous.net\/index.php\/solution-pour-les-entreprises\/","og_site_name":"Micro-cr\u00e8ches Les DOUDOUS","article_modified_time":"2020-11-23T18:02:17+00:00","og_image":[{"url":"http:\/\/lesdoudous.net\/wp-content\/uploads\/2020\/11\/animaux4.png"}],"twitter_card":"summary_large_image","twitter_misc":{"Dur\u00e9e de lecture estim\u00e9e":"3 minutes"},"schema":{"@context":"https:\/\/schema.org","@graph":[{"@type":"WebPage","@id":"https:\/\/lesdoudous.net\/index.php\/solution-pour-les-entreprises\/","url":"https:\/\/lesdoudous.net\/index.php\/solution-pour-les-entreprises\/","name":"Solution pour les entreprises - Micro-cr\u00e8ches Les DOUDOUS","isPartOf":{"@id":"https:\/\/lesdoudous.net\/#website"},"datePublished":"2018-04-11T12:41:05+00:00","dateModified":"2020-11-23T18:02:17+00:00","breadcrumb":{"@id":"https:\/\/lesdoudous.net\/index.php\/solution-pour-les-entreprises\/#breadcrumb"},"inLanguage":"fr-FR","potentialAction":[{"@type":"ReadAction","target":["https:\/\/lesdoudous.net\/index.php\/solution-pour-les-entreprises\/"]}]},{"@type":"BreadcrumbList","@id":"https:\/\/lesdoudous.net\/index.php\/solution-pour-les-entreprises\/#breadcrumb","itemListElement":[{"@type":"ListItem","position":1,"name":"Accueil","item":"https:\/\/lesdoudous.net\/"},{"@type":"ListItem","position":2,"name":"Solution pour les entreprises"}]},{"@type":"WebSite","@id":"https:\/\/lesdoudous.net\/#website","url":"https:\/\/lesdoudous.net\/","name":"Micro-cr\u00e8ches Les DOUDOUS","description":"Roaillan | Le Pian sur Garonne | Langon","publisher":{"@id":"https:\/\/lesdoudous.net\/#organization"},"potentialAction":[{"@type":"SearchAction","target":{"@type":"EntryPoint","urlTemplate":"https:\/\/lesdoudous.net\/?s={search_term_string}"},"query-input":"required name=search_term_string"}],"inLanguage":"fr-FR"},{"@type":"Organization","@id":"https:\/\/lesdoudous.net\/#organization","name":"MICRO-CR\u00c8CHES LES DOUDOUS","url":"https:\/\/lesdoudous.net\/","logo":{"@type":"ImageObject","inLanguage":"fr-FR","@id":"https:\/\/lesdoudous.net\/#\/schema\/logo\/image\/","url":"https:\/\/lesdoudous.net\/wp-content\/uploads\/2017\/12\/Les-doudous-g\u00e9n\u00e9ral.jpg","contentUrl":"https:\/\/lesdoudous.net\/wp-content\/uploads\/2017\/12\/Les-doudous-g\u00e9n\u00e9ral.jpg","width":341,"height":256,"caption":"MICRO-CR\u00c8CHES LES DOUDOUS"},"image":{"@id":"https:\/\/lesdoudous.net\/#\/schema\/logo\/image\/"}}]}},"_links":{"self":[{"href":"https:\/\/lesdoudous.net\/index.php\/wp-json\/wp\/v2\/pages\/184"}],"collection":[{"href":"https:\/\/lesdoudous.net\/index.php\/wp-json\/wp\/v2\/pages"}],"about":[{"href":"https:\/\/lesdoudous.net\/index.php\/wp-json\/wp\/v2\/types\/page"}],"author":[{"embeddable":true,"href":"https:\/\/lesdoudous.net\/index.php\/wp-json\/wp\/v2\/users\/1"}],"replies":[{"embeddable":true,"href":"https:\/\/lesdoudous.net\/index.php\/wp-json\/wp\/v2\/comments?post=184"}],"version-history":[{"count":5,"href":"https:\/\/lesdoudous.net\/index.php\/wp-json\/wp\/v2\/pages\/184\/revisions"}],"predecessor-version":[{"id":478,"href":"https:\/\/lesdoudous.net\/index.php\/wp-json\/wp\/v2\/pages\/184\/revisions\/478"}],"wp:attachment":[{"href":"https:\/\/lesdoudous.net\/index.php\/wp-json\/wp\/v2\/media?parent=184"}],"curies":[{"name":"wp","href":"https:\/\/api.w.org\/{rel}","templated":true}]}}