{"id":182,"date":"2018-04-11T14:39:05","date_gmt":"2018-04-11T12:39:05","guid":{"rendered":"http:\/\/lesdoudous.net\/?page_id=182"},"modified":"2023-05-15T18:20:15","modified_gmt":"2023-05-15T16:20:15","slug":"tarifs","status":"publish","type":"page","link":"https:\/\/lesdoudous.net\/index.php\/tarifs\/","title":{"rendered":"Tarifs"},"content":{"rendered":"<div class=\"twelve columns\">\n<div class=\"gdlr-item gdlr-content-item\">\n<p style=\"text-align: justify;\">Nos micros cr\u00e8ches ont mis en place des\u00a0<span style=\"color: #000000;\"><strong>tarifs horaires d\u00e9gressifs<\/strong><\/span>\u00a0en fonction du nombre d\u2019heures d\u2019accueil hebdomadaire de l\u2019enfant et du montant du revenu fiscal de r\u00e9f\u00e9rence du foyer afin de r\u00e9pondre aux crit\u00e8res d\u2019\u00e9ligibilit\u00e9 pour l\u2019octroi des aides de la Caisse d\u2019Allocations Familiales.\u00a0Nos contrats d\u2019accueil sont mensualis\u00e9s, vous r\u00e9glerez donc le m\u00eame montant chaque mois.<\/p>\n<p style=\"text-align: justify;\">Le montant de la facture est directement pr\u00e9lev\u00e9 par la micro cr\u00e8che ou \u00a0r\u00e9gl\u00e9 en CESU.<\/p>\n<p style=\"text-align: justify;\">Notre tarif horaire comprend les repas, les couches \u00e9cologiques, les produits de soins \u00e9cocertifi\u00e9s, le linge de lit, de table, de toilette, les activit\u00e9s et sorties, l\u2019ensemble des frais de fonctionnement de la micro cr\u00e8che.<\/p>\n<p>Tous nos repas et go\u00fbtes sont pr\u00e9par\u00e9s et livr\u00e9s par un traiteur sp\u00e9cialis\u00e9 de la petite enfance\u00a0: <a href=\"https:\/\/www.ansamble.fr\/\" target=\"_blank\" rel=\"noopener\">ANSAMBLE<\/a>. L\u2019objectif de ces moments importants, est de partager du plaisir autour d\u2019une cuisine \u00ab\u00a0comme \u00e0 la maison\u00a0\u00bb qui fait la part belle aux produits frais et de proximit\u00e9\u00a0.<\/p>\n<p style=\"text-align: justify;\">Seul les produits maternis\u00e9s (lait et 1er yaourts) ne sont pas compris dans notre tarif.<\/p>\n<p style=\"text-align: justify;\">Si vous souhaitez recevoir un devis personnalis\u00e9, merci de bien vouloir compl\u00e9ter\u00a0<span style=\"color: #000000;\">notre <a href=\"http:\/\/lesdoudous.net\/index.php\/preinscriptions\/\">formulaire de demande d&rsquo;accueil<\/a><\/span><strong>.<\/strong>\u00a0Nous \u00e9tudierons ensemble votre demande d\u2019accueil en fonction de votre situation.<\/p>\n<\/div>\n<\/div>\n<h4 class=\"clear\" style=\"text-align: center;\">Aides de la CAF ou MSA<\/h4>\n<hr \/>\n<div class=\"twelve columns\">\n<div class=\"gdlr-title-item\">\n<div class=\"gdlr-item-title-wrapper gdlr-item pos-left \">\n<div class=\"gdlr-item-title-head\">\n<div class=\"clear\">\n<p style=\"text-align: justify;\">Vous pouvez b\u00e9n\u00e9ficier d\u2019une aide de la Caisse d\u2019Allocations Familiales ou de la Mutualit\u00e9 Sociale et Agricole sous certaines conditions lorsque votre enfant est accueilli au sein d\u2019une micro cr\u00e8che.<\/p>\n<\/div>\n<\/div>\n<\/div>\n<\/div>\n<div class=\"gdlr-item gdlr-content-item\">\n<p style=\"text-align: justify;\">A partir du premier mois d\u2019accueil, il faudra retourner \u00e0 votre organisme de prestations familiales le formulaire de compl\u00e9ment de libre choix de mode garde \u2013 micro cr\u00e8che. Vous pouvez effectuer la demande directement en ligne via le site\u00a0<a href=\"http:\/\/www.caf.fr\/\">www.caf.fr<\/a>\u00a0ou\u00a0<a href=\"http:\/\/www.msa.fr\/\">www.msa.fr<\/a><\/p>\n<p style=\"text-align: justify;\">La\u00a0<span style=\"color: #000000;\"><strong>dur\u00e9e mensuelle d\u2019accueil<\/strong>\u00a0<\/span>doit \u00eatre au\u00a0<span style=\"color: #000000;\"><strong>minimum de 16 heures<\/strong><\/span>\u00a0et un montant minimum de 15% \u00a0de la facture restera toujours \u00e0 la charge de la famille.<\/p>\n<p style=\"text-align: justify;\">Pour obtenir des informations sur le\u00a0<span style=\"color: #000000;\"><strong>montant de l\u2019aide<\/strong>\u00a0<\/span>que la CAF peut vous verser lorsque votre enfant est accueilli au sein d\u2019une micro cr\u00e8che, vous \u00eates invit\u00e9s \u00e0 vous rendre sur le site\u00a0<a href=\"http:\/\/www.mon-enfant.fr\/web\/guest;jsessionid=35D94166456E2BB96EF54A2A48B12718\">www.mon-enfant.fr\u00a0<\/a>rubrique calcul du prix d\u2019accueil.<\/p>\n<\/div>\n<\/div>\n<h4 class=\"clear\" style=\"text-align: center;\">Cr\u00e9dit d&rsquo;imp\u00f4t<\/h4>\n<hr \/>\n<p class=\"clear\">Vous pouvez \u00e9galement b\u00e9n\u00e9ficier d\u2019un\u00a0<span style=\"color: #000000;\"><strong>cr\u00e9dit d\u2019imp\u00f4t annuel<\/strong>\u00a0<\/span>pour frais de garde des jeunes enfants.<\/p>\n<div class=\"twelve columns\">\n<div class=\"gdlr-item gdlr-content-item\">\n<p style=\"text-align: justify;\">Afin de vous renseigner sur vos droits, vous pouvez consulter le site internet des services des imp\u00f4ts :\u00a0<a href=\"https:\/\/www.service-public.fr\/particuliers\/vosdroits\/F8\">www.impots.gouv.fr<\/a><\/p>\n<\/div>\n<\/div>\n","protected":false},"excerpt":{"rendered":"<p>Nos micros cr\u00e8ches ont mis en place des\u00a0tarifs horaires d\u00e9gressifs\u00a0en fonction du nombre d\u2019heures d\u2019accueil hebdomadaire de l\u2019enfant et du montant du revenu fiscal de r\u00e9f\u00e9rence du foyer afin de r\u00e9pondre aux crit\u00e8res d\u2019\u00e9ligibilit\u00e9 pour l\u2019octroi des aides de la Caisse d\u2019Allocations Familiales.\u00a0Nos contrats d\u2019accueil sont mensualis\u00e9s, vous r\u00e9glerez donc le m\u00eame montant chaque mois.&hellip; <\/p>\n<p class=\"toivo-read-more\"><a href=\"https:\/\/lesdoudous.net\/index.php\/tarifs\/\" class=\"more-link\">Lire la suite <span class=\"screen-reader-text\">Tarifs<\/span><\/a><\/p>\n","protected":false},"author":1,"featured_media":0,"parent":0,"menu_order":0,"comment_status":"closed","ping_status":"closed","template":"","meta":{"footnotes":""},"yoast_head":"<!-- This site is optimized with the Yoast SEO plugin v21.7 - https:\/\/yoast.com\/wordpress\/plugins\/seo\/ -->\n<title>Tarifs - Micro-cr\u00e8ches Les DOUDOUS<\/title>\n<meta name=\"robots\" content=\"index, follow, max-snippet:-1, max-image-preview:large, max-video-preview:-1\" \/>\n<link rel=\"canonical\" href=\"https:\/\/lesdoudous.net\/index.php\/tarifs\/\" \/>\n<meta property=\"og:locale\" content=\"fr_FR\" \/>\n<meta property=\"og:type\" content=\"article\" \/>\n<meta property=\"og:title\" content=\"Tarifs - Micro-cr\u00e8ches Les DOUDOUS\" \/>\n<meta property=\"og:description\" content=\"Nos micros cr\u00e8ches ont mis en place des\u00a0tarifs horaires d\u00e9gressifs\u00a0en fonction du nombre d\u2019heures d\u2019accueil hebdomadaire de l\u2019enfant et du montant du revenu fiscal de r\u00e9f\u00e9rence du foyer afin de r\u00e9pondre aux crit\u00e8res d\u2019\u00e9ligibilit\u00e9 pour l\u2019octroi des aides de la Caisse d\u2019Allocations Familiales.\u00a0Nos contrats d\u2019accueil sont mensualis\u00e9s, vous r\u00e9glerez donc le m\u00eame montant chaque mois.&hellip; Lire la suite Tarifs\" \/>\n<meta property=\"og:url\" content=\"https:\/\/lesdoudous.net\/index.php\/tarifs\/\" \/>\n<meta property=\"og:site_name\" content=\"Micro-cr\u00e8ches Les DOUDOUS\" \/>\n<meta property=\"article:modified_time\" content=\"2023-05-15T16:20:15+00:00\" \/>\n<meta name=\"twitter:card\" content=\"summary_large_image\" \/>\n<meta name=\"twitter:label1\" content=\"Dur\u00e9e de lecture estim\u00e9e\" \/>\n\t<meta name=\"twitter:data1\" content=\"2 minutes\" \/>\n<script type=\"application\/ld+json\" class=\"yoast-schema-graph\">{\"@context\":\"https:\/\/schema.org\",\"@graph\":[{\"@type\":\"WebPage\",\"@id\":\"https:\/\/lesdoudous.net\/index.php\/tarifs\/\",\"url\":\"https:\/\/lesdoudous.net\/index.php\/tarifs\/\",\"name\":\"Tarifs - Micro-cr\u00e8ches Les DOUDOUS\",\"isPartOf\":{\"@id\":\"https:\/\/lesdoudous.net\/#website\"},\"datePublished\":\"2018-04-11T12:39:05+00:00\",\"dateModified\":\"2023-05-15T16:20:15+00:00\",\"breadcrumb\":{\"@id\":\"https:\/\/lesdoudous.net\/index.php\/tarifs\/#breadcrumb\"},\"inLanguage\":\"fr-FR\",\"potentialAction\":[{\"@type\":\"ReadAction\",\"target\":[\"https:\/\/lesdoudous.net\/index.php\/tarifs\/\"]}]},{\"@type\":\"BreadcrumbList\",\"@id\":\"https:\/\/lesdoudous.net\/index.php\/tarifs\/#breadcrumb\",\"itemListElement\":[{\"@type\":\"ListItem\",\"position\":1,\"name\":\"Accueil\",\"item\":\"https:\/\/lesdoudous.net\/\"},{\"@type\":\"ListItem\",\"position\":2,\"name\":\"Tarifs\"}]},{\"@type\":\"WebSite\",\"@id\":\"https:\/\/lesdoudous.net\/#website\",\"url\":\"https:\/\/lesdoudous.net\/\",\"name\":\"Micro-cr\u00e8ches Les DOUDOUS\",\"description\":\"Roaillan | Le Pian sur Garonne | Langon\",\"publisher\":{\"@id\":\"https:\/\/lesdoudous.net\/#organization\"},\"potentialAction\":[{\"@type\":\"SearchAction\",\"target\":{\"@type\":\"EntryPoint\",\"urlTemplate\":\"https:\/\/lesdoudous.net\/?s={search_term_string}\"},\"query-input\":\"required name=search_term_string\"}],\"inLanguage\":\"fr-FR\"},{\"@type\":\"Organization\",\"@id\":\"https:\/\/lesdoudous.net\/#organization\",\"name\":\"MICRO-CR\u00c8CHES LES DOUDOUS\",\"url\":\"https:\/\/lesdoudous.net\/\",\"logo\":{\"@type\":\"ImageObject\",\"inLanguage\":\"fr-FR\",\"@id\":\"https:\/\/lesdoudous.net\/#\/schema\/logo\/image\/\",\"url\":\"https:\/\/lesdoudous.net\/wp-content\/uploads\/2017\/12\/Les-doudous-g\u00e9n\u00e9ral.jpg\",\"contentUrl\":\"https:\/\/lesdoudous.net\/wp-content\/uploads\/2017\/12\/Les-doudous-g\u00e9n\u00e9ral.jpg\",\"width\":341,\"height\":256,\"caption\":\"MICRO-CR\u00c8CHES LES DOUDOUS\"},\"image\":{\"@id\":\"https:\/\/lesdoudous.net\/#\/schema\/logo\/image\/\"}}]}<\/script>\n<!-- \/ Yoast SEO plugin. -->","yoast_head_json":{"title":"Tarifs - Micro-cr\u00e8ches Les DOUDOUS","robots":{"index":"index","follow":"follow","max-snippet":"max-snippet:-1","max-image-preview":"max-image-preview:large","max-video-preview":"max-video-preview:-1"},"canonical":"https:\/\/lesdoudous.net\/index.php\/tarifs\/","og_locale":"fr_FR","og_type":"article","og_title":"Tarifs - Micro-cr\u00e8ches Les DOUDOUS","og_description":"Nos micros cr\u00e8ches ont mis en place des\u00a0tarifs horaires d\u00e9gressifs\u00a0en fonction du nombre d\u2019heures d\u2019accueil hebdomadaire de l\u2019enfant et du montant du revenu fiscal de r\u00e9f\u00e9rence du foyer afin de r\u00e9pondre aux crit\u00e8res d\u2019\u00e9ligibilit\u00e9 pour l\u2019octroi des aides de la Caisse d\u2019Allocations Familiales.\u00a0Nos contrats d\u2019accueil sont mensualis\u00e9s, vous r\u00e9glerez donc le m\u00eame montant chaque mois.&hellip; Lire la suite Tarifs","og_url":"https:\/\/lesdoudous.net\/index.php\/tarifs\/","og_site_name":"Micro-cr\u00e8ches Les DOUDOUS","article_modified_time":"2023-05-15T16:20:15+00:00","twitter_card":"summary_large_image","twitter_misc":{"Dur\u00e9e de lecture estim\u00e9e":"2 minutes"},"schema":{"@context":"https:\/\/schema.org","@graph":[{"@type":"WebPage","@id":"https:\/\/lesdoudous.net\/index.php\/tarifs\/","url":"https:\/\/lesdoudous.net\/index.php\/tarifs\/","name":"Tarifs - Micro-cr\u00e8ches Les DOUDOUS","isPartOf":{"@id":"https:\/\/lesdoudous.net\/#website"},"datePublished":"2018-04-11T12:39:05+00:00","dateModified":"2023-05-15T16:20:15+00:00","breadcrumb":{"@id":"https:\/\/lesdoudous.net\/index.php\/tarifs\/#breadcrumb"},"inLanguage":"fr-FR","potentialAction":[{"@type":"ReadAction","target":["https:\/\/lesdoudous.net\/index.php\/tarifs\/"]}]},{"@type":"BreadcrumbList","@id":"https:\/\/lesdoudous.net\/index.php\/tarifs\/#breadcrumb","itemListElement":[{"@type":"ListItem","position":1,"name":"Accueil","item":"https:\/\/lesdoudous.net\/"},{"@type":"ListItem","position":2,"name":"Tarifs"}]},{"@type":"WebSite","@id":"https:\/\/lesdoudous.net\/#website","url":"https:\/\/lesdoudous.net\/","name":"Micro-cr\u00e8ches Les DOUDOUS","description":"Roaillan | Le Pian sur Garonne | Langon","publisher":{"@id":"https:\/\/lesdoudous.net\/#organization"},"potentialAction":[{"@type":"SearchAction","target":{"@type":"EntryPoint","urlTemplate":"https:\/\/lesdoudous.net\/?s={search_term_string}"},"query-input":"required name=search_term_string"}],"inLanguage":"fr-FR"},{"@type":"Organization","@id":"https:\/\/lesdoudous.net\/#organization","name":"MICRO-CR\u00c8CHES LES DOUDOUS","url":"https:\/\/lesdoudous.net\/","logo":{"@type":"ImageObject","inLanguage":"fr-FR","@id":"https:\/\/lesdoudous.net\/#\/schema\/logo\/image\/","url":"https:\/\/lesdoudous.net\/wp-content\/uploads\/2017\/12\/Les-doudous-g\u00e9n\u00e9ral.jpg","contentUrl":"https:\/\/lesdoudous.net\/wp-content\/uploads\/2017\/12\/Les-doudous-g\u00e9n\u00e9ral.jpg","width":341,"height":256,"caption":"MICRO-CR\u00c8CHES LES DOUDOUS"},"image":{"@id":"https:\/\/lesdoudous.net\/#\/schema\/logo\/image\/"}}]}},"_links":{"self":[{"href":"https:\/\/lesdoudous.net\/index.php\/wp-json\/wp\/v2\/pages\/182"}],"collection":[{"href":"https:\/\/lesdoudous.net\/index.php\/wp-json\/wp\/v2\/pages"}],"about":[{"href":"https:\/\/lesdoudous.net\/index.php\/wp-json\/wp\/v2\/types\/page"}],"author":[{"embeddable":true,"href":"https:\/\/lesdoudous.net\/index.php\/wp-json\/wp\/v2\/users\/1"}],"replies":[{"embeddable":true,"href":"https:\/\/lesdoudous.net\/index.php\/wp-json\/wp\/v2\/comments?post=182"}],"version-history":[{"count":4,"href":"https:\/\/lesdoudous.net\/index.php\/wp-json\/wp\/v2\/pages\/182\/revisions"}],"predecessor-version":[{"id":669,"href":"https:\/\/lesdoudous.net\/index.php\/wp-json\/wp\/v2\/pages\/182\/revisions\/669"}],"wp:attachment":[{"href":"https:\/\/lesdoudous.net\/index.php\/wp-json\/wp\/v2\/media?parent=182"}],"curies":[{"name":"wp","href":"https:\/\/api.w.org\/{rel}","templated":true}]}}