{"id":180,"date":"2018-04-11T14:36:48","date_gmt":"2018-04-11T12:36:48","guid":{"rendered":"http:\/\/lesdoudous.net\/?page_id=180"},"modified":"2024-01-23T10:10:07","modified_gmt":"2024-01-23T09:10:07","slug":"fonctionnement","status":"publish","type":"page","link":"https:\/\/lesdoudous.net\/index.php\/fonctionnement\/","title":{"rendered":"Fonctionnement"},"content":{"rendered":"<div class=\"wp-block-image\">\n<figure class=\"aligncenter\"><img loading=\"lazy\" decoding=\"async\" width=\"150\" height=\"150\" src=\"http:\/\/lesdoudous.net\/wp-content\/uploads\/2020\/11\/animaux3.png\" alt=\"\" class=\"wp-image-475\" srcset=\"https:\/\/lesdoudous.net\/wp-content\/uploads\/2020\/11\/animaux3.png 150w, https:\/\/lesdoudous.net\/wp-content\/uploads\/2020\/11\/animaux3-140x140.png 140w\" sizes=\"(max-width: 150px) 100vw, 150px\" \/><\/figure><\/div>\n\n<div class=\"gdlr-title-item\">\n<div class=\"gdlr-item-title-wrapper gdlr-item pos-left \">\n<div class=\"gdlr-item-title-head\">\n<div class=\"clear\">\n<p style=\"text-align: justify;\">Les micros cr\u00e8ches ont une amplitude horaire d\u2019ouverture du lundi au vendredi de\u00a0<span style=\"color: #000000;\"><strong>7h45 \u00e0 18h15 pour Roaillan et Le Pian sur Garonne. Quant \u00e0 Langon, l&rsquo;accueil se fait de 7h30 \u00e0 18h15.\u00a0<\/strong><\/span><\/p>\n<p>Nous avons <strong>4 \u00e0 5 semaines de fermeture<\/strong> par an, pr\u00e9voyant des journ\u00e9es p\u00e9dagogiques pour les \u00e9quipes.\u00a0Cela nous permet de nous r\u00e9unir mais \u00e9galement de participer \u00e0 des formations. Les familles sont inform\u00e9es des dates de fermeture lors de la signature de leur contrat et ces dates sont rappel\u00e9s par voie d&rsquo;affichage au sein de la micro-cr\u00e8che 15 jours avant.<\/p>\n<\/div>\n<\/div>\n<\/div>\n<\/div>\n<div class=\"gdlr-item gdlr-content-item\">\n<p style=\"text-align: justify;\"><span style=\"color: #800080;\"><span style=\"color: #000000;\"><strong>Les doudous<\/strong><\/span>\u00a0<\/span>s&rsquo;adaptent \u00e0 vos besoins et accueillent vos enfants d&rsquo;une demi-journ\u00e9e par semaine \u00e0 5 jours.\u00a0Un\u00a0<span style=\"color: #800080;\"><span style=\"color: #000000;\"><strong>contrat d\u2019accueil r\u00e9gulier<\/strong><\/span>\u00a0<\/span>est alors mis en place par ann\u00e9e scolaire. Des contrats peuvent \u00eatre mis en place en cours d\u2019ann\u00e9e.<\/p>\n<p style=\"text-align: justify;\"><span style=\"color: #000000;\"><strong>L\u2019accueil occasionnel<\/strong>,<\/span> en fonction des places disponibles, est \u00e9galement possible.<\/p>\n<p style=\"text-align: justify;\">Une p\u00e9riode de familiarisation est organis\u00e9e conjointement avec les familles pour tout type de contrat (r\u00e9gulier ou occasionnel).<\/p>\n<\/div>","protected":false},"excerpt":{"rendered":"<p>Les micros cr\u00e8ches ont une amplitude horaire d\u2019ouverture du lundi au vendredi de\u00a07h45 \u00e0 18h15 pour Roaillan et Le Pian sur Garonne. Quant \u00e0 Langon, l&rsquo;accueil se fait de 7h30 \u00e0 18h15.\u00a0 Nous avons 4 \u00e0 5 semaines de fermeture par an, pr\u00e9voyant des journ\u00e9es p\u00e9dagogiques pour les \u00e9quipes.\u00a0Cela nous permet de nous r\u00e9unir mais&hellip; <\/p>\n<p class=\"toivo-read-more\"><a href=\"https:\/\/lesdoudous.net\/index.php\/fonctionnement\/\" class=\"more-link\">Lire la suite <span class=\"screen-reader-text\">Fonctionnement<\/span><\/a><\/p>\n","protected":false},"author":1,"featured_media":0,"parent":0,"menu_order":0,"comment_status":"closed","ping_status":"closed","template":"","meta":{"footnotes":""},"yoast_head":"<!-- This site is optimized with the Yoast SEO plugin v21.7 - https:\/\/yoast.com\/wordpress\/plugins\/seo\/ -->\n<title>Fonctionnement - Micro-cr\u00e8ches Les DOUDOUS<\/title>\n<meta name=\"robots\" content=\"index, follow, max-snippet:-1, max-image-preview:large, max-video-preview:-1\" \/>\n<link rel=\"canonical\" href=\"https:\/\/lesdoudous.net\/index.php\/fonctionnement\/\" \/>\n<meta property=\"og:locale\" content=\"fr_FR\" \/>\n<meta property=\"og:type\" content=\"article\" \/>\n<meta property=\"og:title\" content=\"Fonctionnement - Micro-cr\u00e8ches Les DOUDOUS\" \/>\n<meta property=\"og:description\" content=\"Les micros cr\u00e8ches ont une amplitude horaire d\u2019ouverture du lundi au vendredi de\u00a07h45 \u00e0 18h15 pour Roaillan et Le Pian sur Garonne. Quant \u00e0 Langon, l&rsquo;accueil se fait de 7h30 \u00e0 18h15.\u00a0 Nous avons 4 \u00e0 5 semaines de fermeture par an, pr\u00e9voyant des journ\u00e9es p\u00e9dagogiques pour les \u00e9quipes.\u00a0Cela nous permet de nous r\u00e9unir mais&hellip; Lire la suite Fonctionnement\" \/>\n<meta property=\"og:url\" content=\"https:\/\/lesdoudous.net\/index.php\/fonctionnement\/\" \/>\n<meta property=\"og:site_name\" content=\"Micro-cr\u00e8ches Les DOUDOUS\" \/>\n<meta property=\"article:modified_time\" content=\"2024-01-23T09:10:07+00:00\" \/>\n<meta property=\"og:image\" content=\"http:\/\/lesdoudous.net\/wp-content\/uploads\/2020\/11\/animaux3.png\" \/>\n<meta name=\"twitter:card\" content=\"summary_large_image\" \/>\n<meta name=\"twitter:label1\" content=\"Dur\u00e9e de lecture estim\u00e9e\" \/>\n\t<meta name=\"twitter:data1\" content=\"2 minutes\" \/>\n<script type=\"application\/ld+json\" class=\"yoast-schema-graph\">{\"@context\":\"https:\/\/schema.org\",\"@graph\":[{\"@type\":\"WebPage\",\"@id\":\"https:\/\/lesdoudous.net\/index.php\/fonctionnement\/\",\"url\":\"https:\/\/lesdoudous.net\/index.php\/fonctionnement\/\",\"name\":\"Fonctionnement - Micro-cr\u00e8ches Les DOUDOUS\",\"isPartOf\":{\"@id\":\"https:\/\/lesdoudous.net\/#website\"},\"datePublished\":\"2018-04-11T12:36:48+00:00\",\"dateModified\":\"2024-01-23T09:10:07+00:00\",\"breadcrumb\":{\"@id\":\"https:\/\/lesdoudous.net\/index.php\/fonctionnement\/#breadcrumb\"},\"inLanguage\":\"fr-FR\",\"potentialAction\":[{\"@type\":\"ReadAction\",\"target\":[\"https:\/\/lesdoudous.net\/index.php\/fonctionnement\/\"]}]},{\"@type\":\"BreadcrumbList\",\"@id\":\"https:\/\/lesdoudous.net\/index.php\/fonctionnement\/#breadcrumb\",\"itemListElement\":[{\"@type\":\"ListItem\",\"position\":1,\"name\":\"Accueil\",\"item\":\"https:\/\/lesdoudous.net\/\"},{\"@type\":\"ListItem\",\"position\":2,\"name\":\"Fonctionnement\"}]},{\"@type\":\"WebSite\",\"@id\":\"https:\/\/lesdoudous.net\/#website\",\"url\":\"https:\/\/lesdoudous.net\/\",\"name\":\"Micro-cr\u00e8ches Les DOUDOUS\",\"description\":\"Roaillan | Le Pian sur Garonne | Langon\",\"publisher\":{\"@id\":\"https:\/\/lesdoudous.net\/#organization\"},\"potentialAction\":[{\"@type\":\"SearchAction\",\"target\":{\"@type\":\"EntryPoint\",\"urlTemplate\":\"https:\/\/lesdoudous.net\/?s={search_term_string}\"},\"query-input\":\"required name=search_term_string\"}],\"inLanguage\":\"fr-FR\"},{\"@type\":\"Organization\",\"@id\":\"https:\/\/lesdoudous.net\/#organization\",\"name\":\"MICRO-CR\u00c8CHES LES DOUDOUS\",\"url\":\"https:\/\/lesdoudous.net\/\",\"logo\":{\"@type\":\"ImageObject\",\"inLanguage\":\"fr-FR\",\"@id\":\"https:\/\/lesdoudous.net\/#\/schema\/logo\/image\/\",\"url\":\"https:\/\/lesdoudous.net\/wp-content\/uploads\/2017\/12\/Les-doudous-g\u00e9n\u00e9ral.jpg\",\"contentUrl\":\"https:\/\/lesdoudous.net\/wp-content\/uploads\/2017\/12\/Les-doudous-g\u00e9n\u00e9ral.jpg\",\"width\":341,\"height\":256,\"caption\":\"MICRO-CR\u00c8CHES LES DOUDOUS\"},\"image\":{\"@id\":\"https:\/\/lesdoudous.net\/#\/schema\/logo\/image\/\"}}]}<\/script>\n<!-- \/ Yoast SEO plugin. -->","yoast_head_json":{"title":"Fonctionnement - Micro-cr\u00e8ches Les DOUDOUS","robots":{"index":"index","follow":"follow","max-snippet":"max-snippet:-1","max-image-preview":"max-image-preview:large","max-video-preview":"max-video-preview:-1"},"canonical":"https:\/\/lesdoudous.net\/index.php\/fonctionnement\/","og_locale":"fr_FR","og_type":"article","og_title":"Fonctionnement - Micro-cr\u00e8ches Les DOUDOUS","og_description":"Les micros cr\u00e8ches ont une amplitude horaire d\u2019ouverture du lundi au vendredi de\u00a07h45 \u00e0 18h15 pour Roaillan et Le Pian sur Garonne. Quant \u00e0 Langon, l&rsquo;accueil se fait de 7h30 \u00e0 18h15.\u00a0 Nous avons 4 \u00e0 5 semaines de fermeture par an, pr\u00e9voyant des journ\u00e9es p\u00e9dagogiques pour les \u00e9quipes.\u00a0Cela nous permet de nous r\u00e9unir mais&hellip; Lire la suite Fonctionnement","og_url":"https:\/\/lesdoudous.net\/index.php\/fonctionnement\/","og_site_name":"Micro-cr\u00e8ches Les DOUDOUS","article_modified_time":"2024-01-23T09:10:07+00:00","og_image":[{"url":"http:\/\/lesdoudous.net\/wp-content\/uploads\/2020\/11\/animaux3.png"}],"twitter_card":"summary_large_image","twitter_misc":{"Dur\u00e9e de lecture estim\u00e9e":"2 minutes"},"schema":{"@context":"https:\/\/schema.org","@graph":[{"@type":"WebPage","@id":"https:\/\/lesdoudous.net\/index.php\/fonctionnement\/","url":"https:\/\/lesdoudous.net\/index.php\/fonctionnement\/","name":"Fonctionnement - Micro-cr\u00e8ches Les DOUDOUS","isPartOf":{"@id":"https:\/\/lesdoudous.net\/#website"},"datePublished":"2018-04-11T12:36:48+00:00","dateModified":"2024-01-23T09:10:07+00:00","breadcrumb":{"@id":"https:\/\/lesdoudous.net\/index.php\/fonctionnement\/#breadcrumb"},"inLanguage":"fr-FR","potentialAction":[{"@type":"ReadAction","target":["https:\/\/lesdoudous.net\/index.php\/fonctionnement\/"]}]},{"@type":"BreadcrumbList","@id":"https:\/\/lesdoudous.net\/index.php\/fonctionnement\/#breadcrumb","itemListElement":[{"@type":"ListItem","position":1,"name":"Accueil","item":"https:\/\/lesdoudous.net\/"},{"@type":"ListItem","position":2,"name":"Fonctionnement"}]},{"@type":"WebSite","@id":"https:\/\/lesdoudous.net\/#website","url":"https:\/\/lesdoudous.net\/","name":"Micro-cr\u00e8ches Les DOUDOUS","description":"Roaillan | Le Pian sur Garonne | Langon","publisher":{"@id":"https:\/\/lesdoudous.net\/#organization"},"potentialAction":[{"@type":"SearchAction","target":{"@type":"EntryPoint","urlTemplate":"https:\/\/lesdoudous.net\/?s={search_term_string}"},"query-input":"required name=search_term_string"}],"inLanguage":"fr-FR"},{"@type":"Organization","@id":"https:\/\/lesdoudous.net\/#organization","name":"MICRO-CR\u00c8CHES LES DOUDOUS","url":"https:\/\/lesdoudous.net\/","logo":{"@type":"ImageObject","inLanguage":"fr-FR","@id":"https:\/\/lesdoudous.net\/#\/schema\/logo\/image\/","url":"https:\/\/lesdoudous.net\/wp-content\/uploads\/2017\/12\/Les-doudous-g\u00e9n\u00e9ral.jpg","contentUrl":"https:\/\/lesdoudous.net\/wp-content\/uploads\/2017\/12\/Les-doudous-g\u00e9n\u00e9ral.jpg","width":341,"height":256,"caption":"MICRO-CR\u00c8CHES LES DOUDOUS"},"image":{"@id":"https:\/\/lesdoudous.net\/#\/schema\/logo\/image\/"}}]}},"_links":{"self":[{"href":"https:\/\/lesdoudous.net\/index.php\/wp-json\/wp\/v2\/pages\/180"}],"collection":[{"href":"https:\/\/lesdoudous.net\/index.php\/wp-json\/wp\/v2\/pages"}],"about":[{"href":"https:\/\/lesdoudous.net\/index.php\/wp-json\/wp\/v2\/types\/page"}],"author":[{"embeddable":true,"href":"https:\/\/lesdoudous.net\/index.php\/wp-json\/wp\/v2\/users\/1"}],"replies":[{"embeddable":true,"href":"https:\/\/lesdoudous.net\/index.php\/wp-json\/wp\/v2\/comments?post=180"}],"version-history":[{"count":10,"href":"https:\/\/lesdoudous.net\/index.php\/wp-json\/wp\/v2\/pages\/180\/revisions"}],"predecessor-version":[{"id":685,"href":"https:\/\/lesdoudous.net\/index.php\/wp-json\/wp\/v2\/pages\/180\/revisions\/685"}],"wp:attachment":[{"href":"https:\/\/lesdoudous.net\/index.php\/wp-json\/wp\/v2\/media?parent=180"}],"curies":[{"name":"wp","href":"https:\/\/api.w.org\/{rel}","templated":true}]}}