{"id":175,"date":"2018-04-11T14:33:01","date_gmt":"2018-04-11T12:33:01","guid":{"rendered":"http:\/\/lesdoudous.net\/?page_id=175"},"modified":"2020-11-23T11:26:52","modified_gmt":"2020-11-23T10:26:52","slug":"notre-projet-2","status":"publish","type":"page","link":"https:\/\/lesdoudous.net\/index.php\/notre-projet-2\/","title":{"rendered":"Notre offre"},"content":{"rendered":"<p style=\"text-align: center;\">ON TROUVE TOUJOURS UNE SOLUTION !<\/p>\n<div class=\"clear\">\n<p style=\"text-align: justify;\"><strong>Les doudous<\/strong>\u00a0s\u2019efforceront de vous apporter une solution d\u2019accueil r\u00e9pondant \u00e0 vos besoins en fonction des disponibilit\u00e9s. Nos micro-cr\u00e8ches se situent soit \u00e0 proximit\u00e9 de votre lieu d\u2019habitation ou votre lieu de travail, soit sur votre trajet pour vous rendre au bureau ou encore mieux sur votre lieu de travail\u00a0!<\/p>\n<\/div>\n<div class=\"clear\"><\/div>\n<div class=\"clear\">\n<p style=\"text-align: justify;\">Parents, entreprises, parents entrepreneurs vous nous proposons des solutions d&rsquo;accueil personnalis\u00e9es, contactez nous !<\/p>\n<p><img loading=\"lazy\" decoding=\"async\" class=\"alignnone size-large wp-image-783\" src=\"http:\/\/lespetitsenfants.fr\/wp-content\/uploads\/2017\/10\/IMG_7174-1024x683.jpg\" alt=\"\" width=\"1024\" height=\"683\" \/><\/p>\n<\/div>\n","protected":false},"excerpt":{"rendered":"<p>ON TROUVE TOUJOURS UNE SOLUTION ! Les doudous\u00a0s\u2019efforceront de vous apporter une solution d\u2019accueil r\u00e9pondant \u00e0 vos besoins en fonction des disponibilit\u00e9s. Nos micro-cr\u00e8ches se situent soit \u00e0 proximit\u00e9 de votre lieu d\u2019habitation ou votre lieu de travail, soit sur votre trajet pour vous rendre au bureau ou encore mieux sur votre lieu de travail\u00a0!&hellip; <\/p>\n<p class=\"toivo-read-more\"><a href=\"https:\/\/lesdoudous.net\/index.php\/notre-projet-2\/\" class=\"more-link\">Lire la suite <span class=\"screen-reader-text\">Notre offre<\/span><\/a><\/p>\n","protected":false},"author":1,"featured_media":0,"parent":0,"menu_order":0,"comment_status":"closed","ping_status":"closed","template":"","meta":{"footnotes":""},"yoast_head":"<!-- This site is optimized with the Yoast SEO plugin v21.7 - https:\/\/yoast.com\/wordpress\/plugins\/seo\/ -->\n<title>Notre offre - Micro-cr\u00e8ches Les DOUDOUS<\/title>\n<meta name=\"robots\" content=\"index, follow, max-snippet:-1, max-image-preview:large, max-video-preview:-1\" \/>\n<link rel=\"canonical\" href=\"https:\/\/lesdoudous.net\/index.php\/notre-projet-2\/\" \/>\n<meta property=\"og:locale\" content=\"fr_FR\" \/>\n<meta property=\"og:type\" content=\"article\" \/>\n<meta property=\"og:title\" content=\"Notre offre - Micro-cr\u00e8ches Les DOUDOUS\" \/>\n<meta property=\"og:description\" content=\"ON TROUVE TOUJOURS UNE SOLUTION ! Les doudous\u00a0s\u2019efforceront de vous apporter une solution d\u2019accueil r\u00e9pondant \u00e0 vos besoins en fonction des disponibilit\u00e9s. Nos micro-cr\u00e8ches se situent soit \u00e0 proximit\u00e9 de votre lieu d\u2019habitation ou votre lieu de travail, soit sur votre trajet pour vous rendre au bureau ou encore mieux sur votre lieu de travail\u00a0!&hellip; Lire la suite Notre offre\" \/>\n<meta property=\"og:url\" content=\"https:\/\/lesdoudous.net\/index.php\/notre-projet-2\/\" \/>\n<meta property=\"og:site_name\" content=\"Micro-cr\u00e8ches Les DOUDOUS\" \/>\n<meta property=\"article:modified_time\" content=\"2020-11-23T10:26:52+00:00\" \/>\n<meta property=\"og:image\" content=\"http:\/\/lespetitsenfants.fr\/wp-content\/uploads\/2017\/10\/IMG_7174-1024x683.jpg\" \/>\n<meta name=\"twitter:card\" content=\"summary_large_image\" \/>\n<script type=\"application\/ld+json\" class=\"yoast-schema-graph\">{\"@context\":\"https:\/\/schema.org\",\"@graph\":[{\"@type\":\"WebPage\",\"@id\":\"https:\/\/lesdoudous.net\/index.php\/notre-projet-2\/\",\"url\":\"https:\/\/lesdoudous.net\/index.php\/notre-projet-2\/\",\"name\":\"Notre offre - Micro-cr\u00e8ches Les DOUDOUS\",\"isPartOf\":{\"@id\":\"https:\/\/lesdoudous.net\/#website\"},\"datePublished\":\"2018-04-11T12:33:01+00:00\",\"dateModified\":\"2020-11-23T10:26:52+00:00\",\"breadcrumb\":{\"@id\":\"https:\/\/lesdoudous.net\/index.php\/notre-projet-2\/#breadcrumb\"},\"inLanguage\":\"fr-FR\",\"potentialAction\":[{\"@type\":\"ReadAction\",\"target\":[\"https:\/\/lesdoudous.net\/index.php\/notre-projet-2\/\"]}]},{\"@type\":\"BreadcrumbList\",\"@id\":\"https:\/\/lesdoudous.net\/index.php\/notre-projet-2\/#breadcrumb\",\"itemListElement\":[{\"@type\":\"ListItem\",\"position\":1,\"name\":\"Accueil\",\"item\":\"https:\/\/lesdoudous.net\/\"},{\"@type\":\"ListItem\",\"position\":2,\"name\":\"Notre offre\"}]},{\"@type\":\"WebSite\",\"@id\":\"https:\/\/lesdoudous.net\/#website\",\"url\":\"https:\/\/lesdoudous.net\/\",\"name\":\"Micro-cr\u00e8ches Les DOUDOUS\",\"description\":\"Roaillan | Le Pian sur Garonne | Langon\",\"publisher\":{\"@id\":\"https:\/\/lesdoudous.net\/#organization\"},\"potentialAction\":[{\"@type\":\"SearchAction\",\"target\":{\"@type\":\"EntryPoint\",\"urlTemplate\":\"https:\/\/lesdoudous.net\/?s={search_term_string}\"},\"query-input\":\"required name=search_term_string\"}],\"inLanguage\":\"fr-FR\"},{\"@type\":\"Organization\",\"@id\":\"https:\/\/lesdoudous.net\/#organization\",\"name\":\"MICRO-CR\u00c8CHES LES DOUDOUS\",\"url\":\"https:\/\/lesdoudous.net\/\",\"logo\":{\"@type\":\"ImageObject\",\"inLanguage\":\"fr-FR\",\"@id\":\"https:\/\/lesdoudous.net\/#\/schema\/logo\/image\/\",\"url\":\"https:\/\/lesdoudous.net\/wp-content\/uploads\/2017\/12\/Les-doudous-g\u00e9n\u00e9ral.jpg\",\"contentUrl\":\"https:\/\/lesdoudous.net\/wp-content\/uploads\/2017\/12\/Les-doudous-g\u00e9n\u00e9ral.jpg\",\"width\":341,\"height\":256,\"caption\":\"MICRO-CR\u00c8CHES LES DOUDOUS\"},\"image\":{\"@id\":\"https:\/\/lesdoudous.net\/#\/schema\/logo\/image\/\"}}]}<\/script>\n<!-- \/ Yoast SEO plugin. -->","yoast_head_json":{"title":"Notre offre - Micro-cr\u00e8ches Les DOUDOUS","robots":{"index":"index","follow":"follow","max-snippet":"max-snippet:-1","max-image-preview":"max-image-preview:large","max-video-preview":"max-video-preview:-1"},"canonical":"https:\/\/lesdoudous.net\/index.php\/notre-projet-2\/","og_locale":"fr_FR","og_type":"article","og_title":"Notre offre - Micro-cr\u00e8ches Les DOUDOUS","og_description":"ON TROUVE TOUJOURS UNE SOLUTION ! Les doudous\u00a0s\u2019efforceront de vous apporter une solution d\u2019accueil r\u00e9pondant \u00e0 vos besoins en fonction des disponibilit\u00e9s. Nos micro-cr\u00e8ches se situent soit \u00e0 proximit\u00e9 de votre lieu d\u2019habitation ou votre lieu de travail, soit sur votre trajet pour vous rendre au bureau ou encore mieux sur votre lieu de travail\u00a0!&hellip; Lire la suite Notre offre","og_url":"https:\/\/lesdoudous.net\/index.php\/notre-projet-2\/","og_site_name":"Micro-cr\u00e8ches Les DOUDOUS","article_modified_time":"2020-11-23T10:26:52+00:00","og_image":[{"url":"http:\/\/lespetitsenfants.fr\/wp-content\/uploads\/2017\/10\/IMG_7174-1024x683.jpg"}],"twitter_card":"summary_large_image","schema":{"@context":"https:\/\/schema.org","@graph":[{"@type":"WebPage","@id":"https:\/\/lesdoudous.net\/index.php\/notre-projet-2\/","url":"https:\/\/lesdoudous.net\/index.php\/notre-projet-2\/","name":"Notre offre - Micro-cr\u00e8ches Les DOUDOUS","isPartOf":{"@id":"https:\/\/lesdoudous.net\/#website"},"datePublished":"2018-04-11T12:33:01+00:00","dateModified":"2020-11-23T10:26:52+00:00","breadcrumb":{"@id":"https:\/\/lesdoudous.net\/index.php\/notre-projet-2\/#breadcrumb"},"inLanguage":"fr-FR","potentialAction":[{"@type":"ReadAction","target":["https:\/\/lesdoudous.net\/index.php\/notre-projet-2\/"]}]},{"@type":"BreadcrumbList","@id":"https:\/\/lesdoudous.net\/index.php\/notre-projet-2\/#breadcrumb","itemListElement":[{"@type":"ListItem","position":1,"name":"Accueil","item":"https:\/\/lesdoudous.net\/"},{"@type":"ListItem","position":2,"name":"Notre offre"}]},{"@type":"WebSite","@id":"https:\/\/lesdoudous.net\/#website","url":"https:\/\/lesdoudous.net\/","name":"Micro-cr\u00e8ches Les DOUDOUS","description":"Roaillan | Le Pian sur Garonne | Langon","publisher":{"@id":"https:\/\/lesdoudous.net\/#organization"},"potentialAction":[{"@type":"SearchAction","target":{"@type":"EntryPoint","urlTemplate":"https:\/\/lesdoudous.net\/?s={search_term_string}"},"query-input":"required name=search_term_string"}],"inLanguage":"fr-FR"},{"@type":"Organization","@id":"https:\/\/lesdoudous.net\/#organization","name":"MICRO-CR\u00c8CHES LES DOUDOUS","url":"https:\/\/lesdoudous.net\/","logo":{"@type":"ImageObject","inLanguage":"fr-FR","@id":"https:\/\/lesdoudous.net\/#\/schema\/logo\/image\/","url":"https:\/\/lesdoudous.net\/wp-content\/uploads\/2017\/12\/Les-doudous-g\u00e9n\u00e9ral.jpg","contentUrl":"https:\/\/lesdoudous.net\/wp-content\/uploads\/2017\/12\/Les-doudous-g\u00e9n\u00e9ral.jpg","width":341,"height":256,"caption":"MICRO-CR\u00c8CHES LES DOUDOUS"},"image":{"@id":"https:\/\/lesdoudous.net\/#\/schema\/logo\/image\/"}}]}},"_links":{"self":[{"href":"https:\/\/lesdoudous.net\/index.php\/wp-json\/wp\/v2\/pages\/175"}],"collection":[{"href":"https:\/\/lesdoudous.net\/index.php\/wp-json\/wp\/v2\/pages"}],"about":[{"href":"https:\/\/lesdoudous.net\/index.php\/wp-json\/wp\/v2\/types\/page"}],"author":[{"embeddable":true,"href":"https:\/\/lesdoudous.net\/index.php\/wp-json\/wp\/v2\/users\/1"}],"replies":[{"embeddable":true,"href":"https:\/\/lesdoudous.net\/index.php\/wp-json\/wp\/v2\/comments?post=175"}],"version-history":[{"count":4,"href":"https:\/\/lesdoudous.net\/index.php\/wp-json\/wp\/v2\/pages\/175\/revisions"}],"predecessor-version":[{"id":414,"href":"https:\/\/lesdoudous.net\/index.php\/wp-json\/wp\/v2\/pages\/175\/revisions\/414"}],"wp:attachment":[{"href":"https:\/\/lesdoudous.net\/index.php\/wp-json\/wp\/v2\/media?parent=175"}],"curies":[{"name":"wp","href":"https:\/\/api.w.org\/{rel}","templated":true}]}}