{"id":167,"date":"2018-04-11T12:29:53","date_gmt":"2018-04-11T10:29:53","guid":{"rendered":"http:\/\/lesdoudous.net\/?page_id=167"},"modified":"2020-11-23T18:55:34","modified_gmt":"2020-11-23T17:55:34","slug":"journees-type","status":"publish","type":"page","link":"https:\/\/lesdoudous.net\/index.php\/journees-type\/","title":{"rendered":"Journ\u00e9e type"},"content":{"rendered":"<p style=\"text-align: justify;\"><span style=\"color: #000000;\">Plusieurs temps forts rythment la journ\u00e9e de l\u2019enfant au sein de la micro-cr\u00e8che. Cependant, ce ne sont\u00a0pas des moments fig\u00e9s et les heures sont \u00e9crites \u00e0 titre indicatif.<\/span><\/p>\n<p style=\"text-align: justify;\"><span style=\"color: #000000;\">Nous prenons bien \u00e9videmment en consid\u00e9ration que la journ\u00e9e d\u2019un enfant de 6 mois et celle d\u2019un\u00a0enfant de 18 mois sont diff\u00e9rentes. C\u2019est pour cela que nous apportons un int\u00e9r\u00eat particulier \u00e0 prendre en\u00a0charge l\u2019enfant dans sa globalit\u00e9.<\/span><\/p>\n<p style=\"text-align: center;\"><a href=\"http:\/\/lesdoudous.net\/index.php\/une-journee-de-decouvertes-sensorielles-avec-les-plus-jeunes\/\"><img loading=\"lazy\" decoding=\"async\" class=\"alignnone wp-image-469 size-full\" src=\"http:\/\/lesdoudous.net\/wp-content\/uploads\/2020\/11\/animaux2.png\" alt=\"\" width=\"150\" height=\"150\" srcset=\"https:\/\/lesdoudous.net\/wp-content\/uploads\/2020\/11\/animaux2.png 150w, https:\/\/lesdoudous.net\/wp-content\/uploads\/2020\/11\/animaux2-140x140.png 140w\" sizes=\"(max-width: 150px) 100vw, 150px\" \/><\/a><\/p>\n<p style=\"text-align: center;\"><a href=\"http:\/\/lesdoudous.net\/index.php\/une-journee-de-decouvertes-sensorielles-avec-les-plus-jeunes\/\"><span class=\"text-content\"><span style=\"color: #037679;\">Une journ\u00e9e de d\u00e9couvertes sensorielles avec les plus jeunes<\/span><\/span><\/a><a href=\"http:\/\/lesdoudous.net\/index.php\/une-journee-de-decouvertes-sensorielles-avec-les-plus-jeunes\/\"><br \/>\n<\/a><\/p>\n<hr \/>\n<p style=\"text-align: center;\"><a href=\"http:\/\/lesdoudous.net\/index.php\/une-journee-dexploration-et-dactivites-avec-les-plus-grands\/\"><img loading=\"lazy\" decoding=\"async\" class=\"alignnone wp-image-468 size-full\" src=\"http:\/\/lesdoudous.net\/wp-content\/uploads\/2020\/11\/animaux.png\" alt=\"\" width=\"150\" height=\"150\" srcset=\"https:\/\/lesdoudous.net\/wp-content\/uploads\/2020\/11\/animaux.png 150w, https:\/\/lesdoudous.net\/wp-content\/uploads\/2020\/11\/animaux-140x140.png 140w\" sizes=\"(max-width: 150px) 100vw, 150px\" \/><\/a><\/p>\n<p style=\"text-align: center;\"><span style=\"color: #037679;\"><a style=\"color: #037679;\" href=\"http:\/\/lesdoudous.net\/index.php\/une-journee-dexploration-et-dactivites-avec-les-plus-grands\/\"><span class=\"text-content\">Une journ\u00e9e d\u2019exploration et d\u2019activit\u00e9s avec les plus grands<\/span><\/a><\/span><\/p>\n","protected":false},"excerpt":{"rendered":"<p>Plusieurs temps forts rythment la journ\u00e9e de l\u2019enfant au sein de la micro-cr\u00e8che. Cependant, ce ne sont\u00a0pas des moments fig\u00e9s et les heures sont \u00e9crites \u00e0 titre indicatif. Nous prenons bien \u00e9videmment en consid\u00e9ration que la journ\u00e9e d\u2019un enfant de 6 mois et celle d\u2019un\u00a0enfant de 18 mois sont diff\u00e9rentes. C\u2019est pour cela que nous&hellip; <\/p>\n<p class=\"toivo-read-more\"><a href=\"https:\/\/lesdoudous.net\/index.php\/journees-type\/\" class=\"more-link\">Lire la suite <span class=\"screen-reader-text\">Journ\u00e9e type<\/span><\/a><\/p>\n","protected":false},"author":1,"featured_media":0,"parent":0,"menu_order":0,"comment_status":"closed","ping_status":"closed","template":"","meta":{"footnotes":""},"yoast_head":"<!-- This site is optimized with the Yoast SEO plugin v21.7 - https:\/\/yoast.com\/wordpress\/plugins\/seo\/ -->\n<title>Journ\u00e9e type - Micro-cr\u00e8ches Les DOUDOUS<\/title>\n<meta name=\"robots\" content=\"index, follow, max-snippet:-1, max-image-preview:large, max-video-preview:-1\" \/>\n<link rel=\"canonical\" href=\"https:\/\/lesdoudous.net\/index.php\/journees-type\/\" \/>\n<meta property=\"og:locale\" content=\"fr_FR\" \/>\n<meta property=\"og:type\" content=\"article\" \/>\n<meta property=\"og:title\" content=\"Journ\u00e9e type - Micro-cr\u00e8ches Les DOUDOUS\" \/>\n<meta property=\"og:description\" content=\"Plusieurs temps forts rythment la journ\u00e9e de l\u2019enfant au sein de la micro-cr\u00e8che. Cependant, ce ne sont\u00a0pas des moments fig\u00e9s et les heures sont \u00e9crites \u00e0 titre indicatif. Nous prenons bien \u00e9videmment en consid\u00e9ration que la journ\u00e9e d\u2019un enfant de 6 mois et celle d\u2019un\u00a0enfant de 18 mois sont diff\u00e9rentes. C\u2019est pour cela que nous&hellip; Lire la suite Journ\u00e9e type\" \/>\n<meta property=\"og:url\" content=\"https:\/\/lesdoudous.net\/index.php\/journees-type\/\" \/>\n<meta property=\"og:site_name\" content=\"Micro-cr\u00e8ches Les DOUDOUS\" \/>\n<meta property=\"article:modified_time\" content=\"2020-11-23T17:55:34+00:00\" \/>\n<meta property=\"og:image\" content=\"http:\/\/lesdoudous.net\/wp-content\/uploads\/2020\/11\/animaux2.png\" \/>\n<meta name=\"twitter:card\" content=\"summary_large_image\" \/>\n<meta name=\"twitter:label1\" content=\"Dur\u00e9e de lecture estim\u00e9e\" \/>\n\t<meta name=\"twitter:data1\" content=\"1 minute\" \/>\n<script type=\"application\/ld+json\" class=\"yoast-schema-graph\">{\"@context\":\"https:\/\/schema.org\",\"@graph\":[{\"@type\":\"WebPage\",\"@id\":\"https:\/\/lesdoudous.net\/index.php\/journees-type\/\",\"url\":\"https:\/\/lesdoudous.net\/index.php\/journees-type\/\",\"name\":\"Journ\u00e9e type - Micro-cr\u00e8ches Les DOUDOUS\",\"isPartOf\":{\"@id\":\"https:\/\/lesdoudous.net\/#website\"},\"datePublished\":\"2018-04-11T10:29:53+00:00\",\"dateModified\":\"2020-11-23T17:55:34+00:00\",\"breadcrumb\":{\"@id\":\"https:\/\/lesdoudous.net\/index.php\/journees-type\/#breadcrumb\"},\"inLanguage\":\"fr-FR\",\"potentialAction\":[{\"@type\":\"ReadAction\",\"target\":[\"https:\/\/lesdoudous.net\/index.php\/journees-type\/\"]}]},{\"@type\":\"BreadcrumbList\",\"@id\":\"https:\/\/lesdoudous.net\/index.php\/journees-type\/#breadcrumb\",\"itemListElement\":[{\"@type\":\"ListItem\",\"position\":1,\"name\":\"Accueil\",\"item\":\"https:\/\/lesdoudous.net\/\"},{\"@type\":\"ListItem\",\"position\":2,\"name\":\"Journ\u00e9e type\"}]},{\"@type\":\"WebSite\",\"@id\":\"https:\/\/lesdoudous.net\/#website\",\"url\":\"https:\/\/lesdoudous.net\/\",\"name\":\"Micro-cr\u00e8ches Les DOUDOUS\",\"description\":\"Roaillan | Le Pian sur Garonne | Langon\",\"publisher\":{\"@id\":\"https:\/\/lesdoudous.net\/#organization\"},\"potentialAction\":[{\"@type\":\"SearchAction\",\"target\":{\"@type\":\"EntryPoint\",\"urlTemplate\":\"https:\/\/lesdoudous.net\/?s={search_term_string}\"},\"query-input\":\"required name=search_term_string\"}],\"inLanguage\":\"fr-FR\"},{\"@type\":\"Organization\",\"@id\":\"https:\/\/lesdoudous.net\/#organization\",\"name\":\"MICRO-CR\u00c8CHES LES DOUDOUS\",\"url\":\"https:\/\/lesdoudous.net\/\",\"logo\":{\"@type\":\"ImageObject\",\"inLanguage\":\"fr-FR\",\"@id\":\"https:\/\/lesdoudous.net\/#\/schema\/logo\/image\/\",\"url\":\"https:\/\/lesdoudous.net\/wp-content\/uploads\/2017\/12\/Les-doudous-g\u00e9n\u00e9ral.jpg\",\"contentUrl\":\"https:\/\/lesdoudous.net\/wp-content\/uploads\/2017\/12\/Les-doudous-g\u00e9n\u00e9ral.jpg\",\"width\":341,\"height\":256,\"caption\":\"MICRO-CR\u00c8CHES LES DOUDOUS\"},\"image\":{\"@id\":\"https:\/\/lesdoudous.net\/#\/schema\/logo\/image\/\"}}]}<\/script>\n<!-- \/ Yoast SEO plugin. -->","yoast_head_json":{"title":"Journ\u00e9e type - Micro-cr\u00e8ches Les DOUDOUS","robots":{"index":"index","follow":"follow","max-snippet":"max-snippet:-1","max-image-preview":"max-image-preview:large","max-video-preview":"max-video-preview:-1"},"canonical":"https:\/\/lesdoudous.net\/index.php\/journees-type\/","og_locale":"fr_FR","og_type":"article","og_title":"Journ\u00e9e type - Micro-cr\u00e8ches Les DOUDOUS","og_description":"Plusieurs temps forts rythment la journ\u00e9e de l\u2019enfant au sein de la micro-cr\u00e8che. Cependant, ce ne sont\u00a0pas des moments fig\u00e9s et les heures sont \u00e9crites \u00e0 titre indicatif. Nous prenons bien \u00e9videmment en consid\u00e9ration que la journ\u00e9e d\u2019un enfant de 6 mois et celle d\u2019un\u00a0enfant de 18 mois sont diff\u00e9rentes. C\u2019est pour cela que nous&hellip; Lire la suite Journ\u00e9e type","og_url":"https:\/\/lesdoudous.net\/index.php\/journees-type\/","og_site_name":"Micro-cr\u00e8ches Les DOUDOUS","article_modified_time":"2020-11-23T17:55:34+00:00","og_image":[{"url":"http:\/\/lesdoudous.net\/wp-content\/uploads\/2020\/11\/animaux2.png"}],"twitter_card":"summary_large_image","twitter_misc":{"Dur\u00e9e de lecture estim\u00e9e":"1 minute"},"schema":{"@context":"https:\/\/schema.org","@graph":[{"@type":"WebPage","@id":"https:\/\/lesdoudous.net\/index.php\/journees-type\/","url":"https:\/\/lesdoudous.net\/index.php\/journees-type\/","name":"Journ\u00e9e type - Micro-cr\u00e8ches Les DOUDOUS","isPartOf":{"@id":"https:\/\/lesdoudous.net\/#website"},"datePublished":"2018-04-11T10:29:53+00:00","dateModified":"2020-11-23T17:55:34+00:00","breadcrumb":{"@id":"https:\/\/lesdoudous.net\/index.php\/journees-type\/#breadcrumb"},"inLanguage":"fr-FR","potentialAction":[{"@type":"ReadAction","target":["https:\/\/lesdoudous.net\/index.php\/journees-type\/"]}]},{"@type":"BreadcrumbList","@id":"https:\/\/lesdoudous.net\/index.php\/journees-type\/#breadcrumb","itemListElement":[{"@type":"ListItem","position":1,"name":"Accueil","item":"https:\/\/lesdoudous.net\/"},{"@type":"ListItem","position":2,"name":"Journ\u00e9e type"}]},{"@type":"WebSite","@id":"https:\/\/lesdoudous.net\/#website","url":"https:\/\/lesdoudous.net\/","name":"Micro-cr\u00e8ches Les DOUDOUS","description":"Roaillan | Le Pian sur Garonne | Langon","publisher":{"@id":"https:\/\/lesdoudous.net\/#organization"},"potentialAction":[{"@type":"SearchAction","target":{"@type":"EntryPoint","urlTemplate":"https:\/\/lesdoudous.net\/?s={search_term_string}"},"query-input":"required name=search_term_string"}],"inLanguage":"fr-FR"},{"@type":"Organization","@id":"https:\/\/lesdoudous.net\/#organization","name":"MICRO-CR\u00c8CHES LES DOUDOUS","url":"https:\/\/lesdoudous.net\/","logo":{"@type":"ImageObject","inLanguage":"fr-FR","@id":"https:\/\/lesdoudous.net\/#\/schema\/logo\/image\/","url":"https:\/\/lesdoudous.net\/wp-content\/uploads\/2017\/12\/Les-doudous-g\u00e9n\u00e9ral.jpg","contentUrl":"https:\/\/lesdoudous.net\/wp-content\/uploads\/2017\/12\/Les-doudous-g\u00e9n\u00e9ral.jpg","width":341,"height":256,"caption":"MICRO-CR\u00c8CHES LES DOUDOUS"},"image":{"@id":"https:\/\/lesdoudous.net\/#\/schema\/logo\/image\/"}}]}},"_links":{"self":[{"href":"https:\/\/lesdoudous.net\/index.php\/wp-json\/wp\/v2\/pages\/167"}],"collection":[{"href":"https:\/\/lesdoudous.net\/index.php\/wp-json\/wp\/v2\/pages"}],"about":[{"href":"https:\/\/lesdoudous.net\/index.php\/wp-json\/wp\/v2\/types\/page"}],"author":[{"embeddable":true,"href":"https:\/\/lesdoudous.net\/index.php\/wp-json\/wp\/v2\/users\/1"}],"replies":[{"embeddable":true,"href":"https:\/\/lesdoudous.net\/index.php\/wp-json\/wp\/v2\/comments?post=167"}],"version-history":[{"count":8,"href":"https:\/\/lesdoudous.net\/index.php\/wp-json\/wp\/v2\/pages\/167\/revisions"}],"predecessor-version":[{"id":471,"href":"https:\/\/lesdoudous.net\/index.php\/wp-json\/wp\/v2\/pages\/167\/revisions\/471"}],"wp:attachment":[{"href":"https:\/\/lesdoudous.net\/index.php\/wp-json\/wp\/v2\/media?parent=167"}],"curies":[{"name":"wp","href":"https:\/\/api.w.org\/{rel}","templated":true}]}}